{"id":902,"date":"2022-09-06T09:39:31","date_gmt":"2022-09-06T07:39:31","guid":{"rendered":"https:\/\/bergsiek.de\/?page_id=902"},"modified":"2024-06-04T11:13:19","modified_gmt":"2024-06-04T09:13:19","slug":"construction-technical-consultation","status":"publish","type":"page","link":"https:\/\/bergsiek.de\/en\/construction-technical-consultation\/","title":{"rendered":"Construction &#038; technical consultation"},"content":{"rendered":"<div class=\"wpb-content-wrapper\">[mk_page_section bg_image=&#8221;https:\/\/bergsiek.de\/wp-content\/uploads\/2018\/08\/bergsiek-konstruktion.jpg&#8221; bg_position=&#8221;center bottom&#8221; bg_repeat=&#8221;no-repeat&#8221; bg_stretch=&#8221;true&#8221; min_height=&#8221;600&#8243; full_width=&#8221;true&#8221; js_vertical_centered=&#8221;true&#8221; el_class=&#8221;kopfbild&#8221; sidebar=&#8221;sidebar-1&#8243;][vc_column][vc_column_text css=&#8221;.vc_custom_1673949222070{margin-bottom: 0px !important;}&#8221;]\n<h1>Consulting and construction<\/h1>\n[\/vc_column_text][\/vc_column][\/mk_page_section][vc_row][vc_column][vc_empty_space height=&#8221;&#8221; el_id=&#8221;space&#8221;][vc_column_text css=&#8221;.vc_custom_1674648796182{margin-bottom: 0px !important;}&#8221;]\n<p class=\"main-text\">We plan, develop and design your individual vehicle superstructure together with you &#8211; from the concept to ready-to-use containers or special manufacturing.<\/p>\n[\/vc_column_text][vc_empty_space height=&#8221;25px&#8221;][\/vc_column][\/vc_row][vc_row][vc_column][vc_column_text css=&#8221;.vc_custom_1674648417346{margin-bottom: 0px !important;}&#8221;]\n<h2>VEHICLE MANUFACTURING FROM ONE SOURCE<\/h2>\n<p>We take over all steps up to the finished product.<br \/>\nBecause we know your needs best, according to which we manufacture your superstructure, and we know how important it is.<br \/>\nThanks to our decades of experience in the manufacture of tanks, we develop well-engineered products. We take time to consider the details that make the difference for you and respond to your wishes.<\/p>\n[\/vc_column_text][vc_column_text css=&#8221;.vc_custom_1674648460220{margin-bottom: 0px !important;}&#8221;]\n<h2>THE ROAD TO INDIVIDUAL VEHICLE BODIES<\/h2>\n[\/vc_column_text][vc_empty_space height=&#8221;25px&#8221;][\/vc_column][\/vc_row][vc_row][vc_column width=&#8221;1\/2&#8243;][vc_column_text css=&#8221;.vc_custom_1674648545939{margin-bottom: 0px !important;}&#8221;]\n<h2>CUSTOMIZED CONTAINERS IN THE SHORTEST POSSIBLE TIME<\/h2>\n<p>When it comes to production times, you also benefit from our extensive experience in container construction. Through accumulated knowledge and optimization of work processes, we significantly shorten production time and quickly deliver your body.<\/p>\n[\/vc_column_text][\/vc_column][vc_column width=&#8221;1\/2&#8243;][vc_single_image image=&#8221;931&#8243; img_size=&#8221;full&#8221;][\/vc_column][\/vc_row][vc_row][vc_column width=&#8221;1\/2&#8243;][vc_single_image image=&#8221;933&#8243; img_size=&#8221;full&#8221;][\/vc_column][vc_column width=&#8221;1\/2&#8243;][vc_column_text css=&#8221;.vc_custom_1674648621233{margin-bottom: 0px !important;}&#8221;]\n<h2>CONTAINER CONSTRUCTION OUT OF COMMITMENT<\/h2>\n<p>We focus on durable and advanced products. We guarantee this with efficient project management and detailed quality assurance.<\/p>\n<p>Because we stand for quality and take this responsibility towards our customers seriously. No matter whether for superstructures in municipal vehicle construction, custom-made products or prototypes.<\/p>\n[\/vc_column_text][\/vc_column][\/vc_row][vc_row][vc_column][vc_empty_space height=&#8221;&#8221;][vc_column_text css=&#8221;.vc_custom_1674649050826{margin-bottom: 0px !important;}&#8221;]\n<p class=\"main-text\">With our strong team we stand by your side and fulfill your wishes.<\/p>\n[\/vc_column_text][mk_button dimension=&#8221;two&#8221; size=&#8221;large&#8221; url=&#8221;https:\/\/bergsiek.de\/en\/contact\/&#8221;]Contact[\/mk_button][\/vc_column][\/vc_row][vc_row disable_element=&#8221;yes&#8221;][vc_column][vc_media_grid element_width=&#8221;6&#8243; grid_id=&#8221;vc_gid:1674648981270-c438d249-15ea-10&#8243; include=&#8221;65,128,133&#8243;][\/vc_column][\/vc_row]\n<\/div>","protected":false},"excerpt":{"rendered":"<p>[mk_page_section bg_image=&#8221;https:\/\/bergsiek.de\/wp-content\/uploads\/2018\/08\/bergsiek-konstruktion.jpg&#8221; bg_position=&#8221;center bottom&#8221; bg_repeat=&#8221;no-repeat&#8221; bg_stretch=&#8221;true&#8221; min_height=&#8221;600&#8243; full_width=&#8221;true&#8221; js_vertical_centered=&#8221;true&#8221; el_class=&#8221;kopfbild&#8221; sidebar=&#8221;sidebar-1&#8243;][vc_column][vc_column_text css=&#8221;.vc_custom_1673949222070{margin-bottom: 0px !important;}&#8221;] Consulting and construction [\/vc_column_text][\/vc_column][\/mk_page_section][vc_row][vc_column][vc_empty_space height=&#8221;&#8221; el_id=&#8221;space&#8221;][vc_column_text css=&#8221;.vc_custom_1674648796182{margin-bottom: 0px !important;}&#8221;] We plan, develop and design your individual vehicle superstructure together with you &#8211; from the concept to ready-to-use containers or special manufacturing. [\/vc_column_text][vc_empty_space height=&#8221;25px&#8221;][\/vc_column][\/vc_row][vc_row][vc_column][vc_column_text css=&#8221;.vc_custom_1674648417346{margin-bottom: 0px !important;}&#8221;] VEHICLE MANUFACTURING FROM ONE SOURCE [&hellip;]<\/p>\n","protected":false},"author":1,"featured_media":0,"parent":0,"menu_order":0,"comment_status":"closed","ping_status":"closed","template":"","meta":{"footnotes":""},"class_list":["post-902","page","type-page","status-publish","hentry"],"yoast_head":"<!-- This site is optimized with the Yoast SEO plugin v27.5 - https:\/\/yoast.com\/product\/yoast-seo-wordpress\/ -->\n<title>Construction &amp; technical consulting | Bergsiek GmbH<\/title>\n<meta name=\"description\" content=\"For tank construction in vehicle technology, we are at your side from planning to technical advice and design. Get in contact now!\" \/>\n<meta name=\"robots\" content=\"index, follow, max-snippet:-1, max-image-preview:large, max-video-preview:-1\" \/>\n<link rel=\"canonical\" href=\"https:\/\/bergsiek.de\/en\/construction-technical-consultation\/\" \/>\n<meta property=\"og:locale\" content=\"en_US\" \/>\n<meta property=\"og:type\" content=\"article\" \/>\n<meta property=\"og:title\" content=\"Construction &amp; technical consulting | Bergsiek GmbH\" \/>\n<meta property=\"og:description\" content=\"For tank construction in vehicle technology, we are at your side from planning to technical advice and design. Get in contact now!\" \/>\n<meta property=\"og:url\" content=\"https:\/\/bergsiek.de\/en\/construction-technical-consultation\/\" \/>\n<meta property=\"og:site_name\" content=\"Bergsiek\" \/>\n<meta property=\"article:modified_time\" content=\"2024-06-04T09:13:19+00:00\" \/>\n<meta name=\"twitter:card\" content=\"summary_large_image\" \/>\n<meta name=\"twitter:label1\" content=\"Est. reading time\" \/>\n\t<meta name=\"twitter:data1\" content=\"2 minutes\" \/>\n<script type=\"application\/ld+json\" class=\"yoast-schema-graph\">{\"@context\":\"https:\\\/\\\/schema.org\",\"@graph\":[{\"@type\":\"WebPage\",\"@id\":\"https:\\\/\\\/bergsiek.de\\\/en\\\/construction-technical-consultation\\\/\",\"url\":\"https:\\\/\\\/bergsiek.de\\\/en\\\/construction-technical-consultation\\\/\",\"name\":\"Construction & technical consulting | Bergsiek GmbH\",\"isPartOf\":{\"@id\":\"https:\\\/\\\/bergsiek.de\\\/en\\\/#website\"},\"datePublished\":\"2022-09-06T07:39:31+00:00\",\"dateModified\":\"2024-06-04T09:13:19+00:00\",\"description\":\"For tank construction in vehicle technology, we are at your side from planning to technical advice and design. Get in contact now!\",\"breadcrumb\":{\"@id\":\"https:\\\/\\\/bergsiek.de\\\/en\\\/construction-technical-consultation\\\/#breadcrumb\"},\"inLanguage\":\"en-US\",\"potentialAction\":[{\"@type\":\"ReadAction\",\"target\":[\"https:\\\/\\\/bergsiek.de\\\/en\\\/construction-technical-consultation\\\/\"]}]},{\"@type\":\"BreadcrumbList\",\"@id\":\"https:\\\/\\\/bergsiek.de\\\/en\\\/construction-technical-consultation\\\/#breadcrumb\",\"itemListElement\":[{\"@type\":\"ListItem\",\"position\":1,\"name\":\"Startseite\",\"item\":\"https:\\\/\\\/bergsiek.de\\\/en\\\/\"},{\"@type\":\"ListItem\",\"position\":2,\"name\":\"Construction &#038; technical consultation\"}]},{\"@type\":\"WebSite\",\"@id\":\"https:\\\/\\\/bergsiek.de\\\/en\\\/#website\",\"url\":\"https:\\\/\\\/bergsiek.de\\\/en\\\/\",\"name\":\"Bergsiek\",\"description\":\"Ma\u00dfgeschneiderte Beh\u00e4lter f\u00fcr den kommunalen Fahrzeugbau\",\"potentialAction\":[{\"@type\":\"SearchAction\",\"target\":{\"@type\":\"EntryPoint\",\"urlTemplate\":\"https:\\\/\\\/bergsiek.de\\\/en\\\/?s={search_term_string}\"},\"query-input\":{\"@type\":\"PropertyValueSpecification\",\"valueRequired\":true,\"valueName\":\"search_term_string\"}}],\"inLanguage\":\"en-US\"}]}<\/script>\n<!-- \/ Yoast SEO plugin. -->","yoast_head_json":{"title":"Construction & technical consulting | Bergsiek GmbH","description":"For tank construction in vehicle technology, we are at your side from planning to technical advice and design. Get in contact now!","robots":{"index":"index","follow":"follow","max-snippet":"max-snippet:-1","max-image-preview":"max-image-preview:large","max-video-preview":"max-video-preview:-1"},"canonical":"https:\/\/bergsiek.de\/en\/construction-technical-consultation\/","og_locale":"en_US","og_type":"article","og_title":"Construction & technical consulting | Bergsiek GmbH","og_description":"For tank construction in vehicle technology, we are at your side from planning to technical advice and design. Get in contact now!","og_url":"https:\/\/bergsiek.de\/en\/construction-technical-consultation\/","og_site_name":"Bergsiek","article_modified_time":"2024-06-04T09:13:19+00:00","twitter_card":"summary_large_image","twitter_misc":{"Est. reading time":"2 minutes"},"schema":{"@context":"https:\/\/schema.org","@graph":[{"@type":"WebPage","@id":"https:\/\/bergsiek.de\/en\/construction-technical-consultation\/","url":"https:\/\/bergsiek.de\/en\/construction-technical-consultation\/","name":"Construction & technical consulting | Bergsiek GmbH","isPartOf":{"@id":"https:\/\/bergsiek.de\/en\/#website"},"datePublished":"2022-09-06T07:39:31+00:00","dateModified":"2024-06-04T09:13:19+00:00","description":"For tank construction in vehicle technology, we are at your side from planning to technical advice and design. Get in contact now!","breadcrumb":{"@id":"https:\/\/bergsiek.de\/en\/construction-technical-consultation\/#breadcrumb"},"inLanguage":"en-US","potentialAction":[{"@type":"ReadAction","target":["https:\/\/bergsiek.de\/en\/construction-technical-consultation\/"]}]},{"@type":"BreadcrumbList","@id":"https:\/\/bergsiek.de\/en\/construction-technical-consultation\/#breadcrumb","itemListElement":[{"@type":"ListItem","position":1,"name":"Startseite","item":"https:\/\/bergsiek.de\/en\/"},{"@type":"ListItem","position":2,"name":"Construction &#038; technical consultation"}]},{"@type":"WebSite","@id":"https:\/\/bergsiek.de\/en\/#website","url":"https:\/\/bergsiek.de\/en\/","name":"Bergsiek","description":"Ma\u00dfgeschneiderte Beh\u00e4lter f\u00fcr den kommunalen Fahrzeugbau","potentialAction":[{"@type":"SearchAction","target":{"@type":"EntryPoint","urlTemplate":"https:\/\/bergsiek.de\/en\/?s={search_term_string}"},"query-input":{"@type":"PropertyValueSpecification","valueRequired":true,"valueName":"search_term_string"}}],"inLanguage":"en-US"}]}},"_links":{"self":[{"href":"https:\/\/bergsiek.de\/en\/wp-json\/wp\/v2\/pages\/902","targetHints":{"allow":["GET"]}}],"collection":[{"href":"https:\/\/bergsiek.de\/en\/wp-json\/wp\/v2\/pages"}],"about":[{"href":"https:\/\/bergsiek.de\/en\/wp-json\/wp\/v2\/types\/page"}],"author":[{"embeddable":true,"href":"https:\/\/bergsiek.de\/en\/wp-json\/wp\/v2\/users\/1"}],"replies":[{"embeddable":true,"href":"https:\/\/bergsiek.de\/en\/wp-json\/wp\/v2\/comments?post=902"}],"version-history":[{"count":7,"href":"https:\/\/bergsiek.de\/en\/wp-json\/wp\/v2\/pages\/902\/revisions"}],"predecessor-version":[{"id":1049,"href":"https:\/\/bergsiek.de\/en\/wp-json\/wp\/v2\/pages\/902\/revisions\/1049"}],"wp:attachment":[{"href":"https:\/\/bergsiek.de\/en\/wp-json\/wp\/v2\/media?parent=902"}],"curies":[{"name":"wp","href":"https:\/\/api.w.org\/{rel}","templated":true}]}}