{"id":555,"date":"2018-11-26T16:20:39","date_gmt":"2018-11-26T15:20:39","guid":{"rendered":"http:\/\/test.bergsiek.de\/?page_id=555"},"modified":"2026-02-15T12:59:06","modified_gmt":"2026-02-15T11:59:06","slug":"data-protection","status":"publish","type":"page","link":"https:\/\/bergsiek.de\/en\/data-protection\/","title":{"rendered":"Data protection"},"content":{"rendered":"<div class=\"wpb-content-wrapper\">[vc_row css=&#8221;.vc_custom_1534501200696{padding-top: 60px !important;padding-bottom: 80px !important;}&#8221;][vc_column][vc_custom_heading text=&#8221;Data protection declaration&#8221; font_container=&#8221;tag:h2|font_size:32px|text_align:left|color:%23203c83&#8243; use_theme_fonts=&#8221;yes&#8221;][vc_column_text margin_bottom=&#8221;0&#8243; css=&#8221;.vc_custom_1771156742850{margin-bottom: 0px !important;}&#8221;]\n<h3>Contact data<\/h3>\n<p><strong>Controller: <\/strong><\/p>\n<p>Bergsiek Beh\u00e4lterbau GmbH<br \/>\nDankerser Str. 38<br \/>\n31737 Rinteln<br \/>\nGermany<br \/>\nTel.: +49 (0)5751 9629-0<br \/>\nFax: +49 (0)5751 9629-66<\/p>\n<p>You can contact us using the contact form under the following link: <a href=\"https:\/\/bergsiek.de\/en\/contact\/\">Go to contact form<\/a>. If you wish to assert your statutory rights, please contact <a href=\"mailto:info@bergsiek.de\">info@bergsiek.de<\/a><\/p>\n<h3>Basic information<\/h3>\n<p>This data protection declaration should inform users of this website about the nature, scope and purpose of the collection and use of personal data by the website operator.<\/p>\n<p>The website operator takes your data protection very seriously and treats your personal data as confidential and in accordance with the statutory regulations. As changes may be made to this data protection declaration due to new technologies and continuous development of this website, we recommend that you read the data protection declaration again at regular intervals.<\/p>\n<p>Definitions of the terms used (e.g. \u201cpersonal data\u201d or \u201cprocessing\u201d) can be found in art. 4 GDPR.<\/p>\n<h3>Tools used<\/h3>\n<p>As the website operator, we use a content management system (CMS) including all plugins in a way that is fully GDPR-compliant. As part of the setting options, the CMS employed and all plugins used are configured deliberately such that no cookies can be set by us and at the same time no user data are tracked.<\/p>\n<h3>Which data we collect and process<\/h3>\n<p>We, as the website operators or website hosts, collect data about accesses to the website on the basis of our legitimate interest (cf. art. 6 par. 1 letter f. GDPR) and store these on the website server as \u201cserver log files\u201d. The following data are logged in this way:<\/p>\n<ul>\n<li>IP address of the device from which you access the website<\/li>\n<li>Type of browser with which you access it<\/li>\n<li>The website you visited previously<\/li>\n<li>Your system configuration as well as the date and time.<\/li>\n<\/ul>\n<p>IP addresses are collected only if required for the provision of our services. Otherwise, IP addresses are deleted or anonymised.<\/p>\n<p>Log files are stored for a maximum of 7 days and then deleted. The data are stored for security reasons, e.g. to be able to resolve cases of misuse. If it is necessary to record data for reasons of proof, they are excluded from deletion until the incident has been conclusively resolved.<\/p>\n<h3>Handling of contact data<\/h3>\n<p>If you use the contact options offered contact us as the website operator, your details will be stored such that they can be referred to to process and respond to your enquiry. These data are not passed on to third parties without your consent.<\/p>\n<h3>Rights of the user<\/h3>\n<p>As the user, you have the right to request the receipt of information free of charge about which of your personal data have been stored. Furthermore you have the right to rectification of inaccurate data and to restriction of processing or to deletion of your personal data. If applicable, you may exercise your right to data portability. Should you believe that your data have been processed unlawfully, you can file a complaint with the regulatory authority responsible.<\/p>\n<h3>Deletion of data<\/h3>\n<p>As long as your request does not conflict with a statutory data retention obligation (e.g. data retention), you have an entitlement to deletion of your data. Data stored by us are deleted if they are no longer necessary for their intended purpose and there are no statutory retention periods. If deletion cannot be implemented because the data are required for permissible lawful purposes, the data processing is restricted. In this case, the data are blocked and not processed for other purposes.<\/p>\n<h3>Right to object<\/h3>\n<p>Users of this website may exercise their right to object and they may object to the processing of their personal data at any time.<\/p>\n<h3>Right to appeal to the supervisory authority<\/h3>\n<p>You have a right to appeal to the supervisory authority responsible.<\/p>\n<p><strong>Data protection supervisory authority responsible:<br \/>\n<\/strong>The Lower Saxony State Commissioner for Data Protection<br \/>\nPrinzenstra\u00dfe 5<br \/>\n30159 Hannover<br \/>\nGermany<br \/>\nTel.: +49 (0)511 120-4500<br \/>\nFax: +49 (0)511 120-4599<br \/>\nE-mail: <a href=\"mailto:poststelle@lfd.niedersachsen.de\">poststelle@lfd.niedersachsen.de<\/a>[\/vc_column_text][\/vc_column][\/vc_row]\n<\/div>","protected":false},"excerpt":{"rendered":"<p>[vc_row css=&#8221;.vc_custom_1534501200696{padding-top: 60px !important;padding-bottom: 80px !important;}&#8221;][vc_column][vc_custom_heading text=&#8221;Data protection declaration&#8221; font_container=&#8221;tag:h2|font_size:32px|text_align:left|color:%23203c83&#8243; use_theme_fonts=&#8221;yes&#8221;][vc_column_text margin_bottom=&#8221;0&#8243; css=&#8221;.vc_custom_1771156742850{margin-bottom: 0px !important;}&#8221;] Contact data Controller: Bergsiek Beh\u00e4lterbau GmbH Dankerser Str. 38 31737 Rinteln Germany Tel.: +49 (0)5751 9629-0 Fax: +49 (0)5751 9629-66 You can contact us using the contact form under the following link: Go to contact form. If you wish to [&hellip;]<\/p>\n","protected":false},"author":1,"featured_media":0,"parent":0,"menu_order":0,"comment_status":"closed","ping_status":"closed","template":"","meta":{"footnotes":""},"class_list":["post-555","page","type-page","status-publish","hentry"],"yoast_head":"<!-- This site is optimized with the Yoast SEO plugin v27.5 - https:\/\/yoast.com\/product\/yoast-seo-wordpress\/ -->\n<title>Data protection at Bergsiek GmbH<\/title>\n<meta name=\"description\" content=\"We take your privacy seriously! Find out how we at Bergsiek GmbH process and protect your data and learn more about your rights.\" \/>\n<meta name=\"robots\" content=\"index, follow, max-snippet:-1, max-image-preview:large, max-video-preview:-1\" \/>\n<link rel=\"canonical\" href=\"https:\/\/bergsiek.de\/en\/data-protection\/\" \/>\n<meta property=\"og:locale\" content=\"en_US\" \/>\n<meta property=\"og:type\" content=\"article\" \/>\n<meta property=\"og:title\" content=\"Data protection at Bergsiek GmbH\" \/>\n<meta property=\"og:description\" content=\"We take your privacy seriously! Find out how we at Bergsiek GmbH process and protect your data and learn more about your rights.\" \/>\n<meta property=\"og:url\" content=\"https:\/\/bergsiek.de\/en\/data-protection\/\" \/>\n<meta property=\"og:site_name\" content=\"Bergsiek\" \/>\n<meta property=\"article:modified_time\" content=\"2026-02-15T11:59:06+00:00\" \/>\n<meta name=\"twitter:card\" content=\"summary_large_image\" \/>\n<meta name=\"twitter:label1\" content=\"Est. reading time\" \/>\n\t<meta name=\"twitter:data1\" content=\"3 minutes\" \/>\n<script type=\"application\/ld+json\" class=\"yoast-schema-graph\">{\"@context\":\"https:\\\/\\\/schema.org\",\"@graph\":[{\"@type\":\"WebPage\",\"@id\":\"https:\\\/\\\/bergsiek.de\\\/en\\\/data-protection\\\/\",\"url\":\"https:\\\/\\\/bergsiek.de\\\/en\\\/data-protection\\\/\",\"name\":\"Data protection at Bergsiek GmbH\",\"isPartOf\":{\"@id\":\"https:\\\/\\\/bergsiek.de\\\/en\\\/#website\"},\"datePublished\":\"2018-11-26T15:20:39+00:00\",\"dateModified\":\"2026-02-15T11:59:06+00:00\",\"description\":\"We take your privacy seriously! Find out how we at Bergsiek GmbH process and protect your data and learn more about your rights.\",\"breadcrumb\":{\"@id\":\"https:\\\/\\\/bergsiek.de\\\/en\\\/data-protection\\\/#breadcrumb\"},\"inLanguage\":\"en-US\",\"potentialAction\":[{\"@type\":\"ReadAction\",\"target\":[\"https:\\\/\\\/bergsiek.de\\\/en\\\/data-protection\\\/\"]}]},{\"@type\":\"BreadcrumbList\",\"@id\":\"https:\\\/\\\/bergsiek.de\\\/en\\\/data-protection\\\/#breadcrumb\",\"itemListElement\":[{\"@type\":\"ListItem\",\"position\":1,\"name\":\"Startseite\",\"item\":\"https:\\\/\\\/bergsiek.de\\\/en\\\/\"},{\"@type\":\"ListItem\",\"position\":2,\"name\":\"Data protection\"}]},{\"@type\":\"WebSite\",\"@id\":\"https:\\\/\\\/bergsiek.de\\\/en\\\/#website\",\"url\":\"https:\\\/\\\/bergsiek.de\\\/en\\\/\",\"name\":\"Bergsiek\",\"description\":\"Ma\u00dfgeschneiderte Beh\u00e4lter f\u00fcr den kommunalen Fahrzeugbau\",\"potentialAction\":[{\"@type\":\"SearchAction\",\"target\":{\"@type\":\"EntryPoint\",\"urlTemplate\":\"https:\\\/\\\/bergsiek.de\\\/en\\\/?s={search_term_string}\"},\"query-input\":{\"@type\":\"PropertyValueSpecification\",\"valueRequired\":true,\"valueName\":\"search_term_string\"}}],\"inLanguage\":\"en-US\"}]}<\/script>\n<!-- \/ Yoast SEO plugin. -->","yoast_head_json":{"title":"Data protection at Bergsiek GmbH","description":"We take your privacy seriously! Find out how we at Bergsiek GmbH process and protect your data and learn more about your rights.","robots":{"index":"index","follow":"follow","max-snippet":"max-snippet:-1","max-image-preview":"max-image-preview:large","max-video-preview":"max-video-preview:-1"},"canonical":"https:\/\/bergsiek.de\/en\/data-protection\/","og_locale":"en_US","og_type":"article","og_title":"Data protection at Bergsiek GmbH","og_description":"We take your privacy seriously! Find out how we at Bergsiek GmbH process and protect your data and learn more about your rights.","og_url":"https:\/\/bergsiek.de\/en\/data-protection\/","og_site_name":"Bergsiek","article_modified_time":"2026-02-15T11:59:06+00:00","twitter_card":"summary_large_image","twitter_misc":{"Est. reading time":"3 minutes"},"schema":{"@context":"https:\/\/schema.org","@graph":[{"@type":"WebPage","@id":"https:\/\/bergsiek.de\/en\/data-protection\/","url":"https:\/\/bergsiek.de\/en\/data-protection\/","name":"Data protection at Bergsiek GmbH","isPartOf":{"@id":"https:\/\/bergsiek.de\/en\/#website"},"datePublished":"2018-11-26T15:20:39+00:00","dateModified":"2026-02-15T11:59:06+00:00","description":"We take your privacy seriously! Find out how we at Bergsiek GmbH process and protect your data and learn more about your rights.","breadcrumb":{"@id":"https:\/\/bergsiek.de\/en\/data-protection\/#breadcrumb"},"inLanguage":"en-US","potentialAction":[{"@type":"ReadAction","target":["https:\/\/bergsiek.de\/en\/data-protection\/"]}]},{"@type":"BreadcrumbList","@id":"https:\/\/bergsiek.de\/en\/data-protection\/#breadcrumb","itemListElement":[{"@type":"ListItem","position":1,"name":"Startseite","item":"https:\/\/bergsiek.de\/en\/"},{"@type":"ListItem","position":2,"name":"Data protection"}]},{"@type":"WebSite","@id":"https:\/\/bergsiek.de\/en\/#website","url":"https:\/\/bergsiek.de\/en\/","name":"Bergsiek","description":"Ma\u00dfgeschneiderte Beh\u00e4lter f\u00fcr den kommunalen Fahrzeugbau","potentialAction":[{"@type":"SearchAction","target":{"@type":"EntryPoint","urlTemplate":"https:\/\/bergsiek.de\/en\/?s={search_term_string}"},"query-input":{"@type":"PropertyValueSpecification","valueRequired":true,"valueName":"search_term_string"}}],"inLanguage":"en-US"}]}},"_links":{"self":[{"href":"https:\/\/bergsiek.de\/en\/wp-json\/wp\/v2\/pages\/555","targetHints":{"allow":["GET"]}}],"collection":[{"href":"https:\/\/bergsiek.de\/en\/wp-json\/wp\/v2\/pages"}],"about":[{"href":"https:\/\/bergsiek.de\/en\/wp-json\/wp\/v2\/types\/page"}],"author":[{"embeddable":true,"href":"https:\/\/bergsiek.de\/en\/wp-json\/wp\/v2\/users\/1"}],"replies":[{"embeddable":true,"href":"https:\/\/bergsiek.de\/en\/wp-json\/wp\/v2\/comments?post=555"}],"version-history":[{"count":8,"href":"https:\/\/bergsiek.de\/en\/wp-json\/wp\/v2\/pages\/555\/revisions"}],"predecessor-version":[{"id":1464,"href":"https:\/\/bergsiek.de\/en\/wp-json\/wp\/v2\/pages\/555\/revisions\/1464"}],"wp:attachment":[{"href":"https:\/\/bergsiek.de\/en\/wp-json\/wp\/v2\/media?parent=555"}],"curies":[{"name":"wp","href":"https:\/\/api.w.org\/{rel}","templated":true}]}}