{"id":552,"date":"2018-11-26T16:10:03","date_gmt":"2018-11-26T15:10:03","guid":{"rendered":"http:\/\/test.bergsiek.de\/?page_id=552"},"modified":"2024-06-04T11:21:27","modified_gmt":"2024-06-04T09:21:27","slug":"imprint-2","status":"publish","type":"page","link":"https:\/\/bergsiek.de\/en\/imprint-2\/","title":{"rendered":"Imprint"},"content":{"rendered":"<div class=\"wpb-content-wrapper\">[vc_row css=&#8221;.vc_custom_1534501200696{padding-top: 60px !important;padding-bottom: 80px !important;}&#8221;][vc_column][vc_column_text css=&#8221;.vc_custom_1695737228057{margin-bottom: 0px !important;}&#8221;]<strong>Bergsiek Beh\u00e4lterbau GmbH<\/strong><\/p>\n<p>Dankerser Str. 38<br \/>\n31737 Rinteln<br \/>\nGermany<\/p>\n<p>Telefon: <a href=\"tel:+49575196290\">+49 5751\/9629-0<\/a><br \/>\nTelefax:\u00a0 +49 5751\/9629-66<br \/>\nE-Mail: <a href=\"mailto:info@bergsiek.de\">info@bergsiek.de<\/a><br \/>\nInternet: <a href=\"https:\/\/bergsiek.de\/\">www.bergsiek.de<\/a><\/p>\n<p>VAT ID: DE 226715323<\/p>\n<p>Managing Directors: Thomas Bergsiek, Jens Dieterich<\/p>\n<p>Court of registry: Stadthagen district court<br \/>\nRegister number: HR B 2360[\/vc_column_text][\/vc_column][\/vc_row]\n<\/div>","protected":false},"excerpt":{"rendered":"<p>[vc_row css=&#8221;.vc_custom_1534501200696{padding-top: 60px !important;padding-bottom: 80px !important;}&#8221;][vc_column][vc_column_text css=&#8221;.vc_custom_1695737228057{margin-bottom: 0px !important;}&#8221;]Bergsiek Beh\u00e4lterbau GmbH Dankerser Str. 38 31737 Rinteln Germany Telefon: +49 5751\/9629-0 Telefax:\u00a0 +49 5751\/9629-66 E-Mail: info@bergsiek.de Internet: www.bergsiek.de VAT ID: DE 226715323 Managing Directors: Thomas Bergsiek, Jens Dieterich Court of registry: Stadthagen district court Register number: HR B 2360[\/vc_column_text][\/vc_column][\/vc_row]<\/p>\n","protected":false},"author":1,"featured_media":0,"parent":0,"menu_order":0,"comment_status":"closed","ping_status":"closed","template":"","meta":{"footnotes":""},"class_list":["post-552","page","type-page","status-publish","hentry"],"yoast_head":"<!-- This site is optimized with the Yoast SEO plugin v27.5 - https:\/\/yoast.com\/product\/yoast-seo-wordpress\/ -->\n<title>Imprint &amp; legal notice | Bergsiek GmbH<\/title>\n<meta name=\"description\" content=\"Discover the imprint and legal notice of Bergsiek GmbH from Rinteln, Germany - your reliable partner for customized tank constructions. Contact us now!\" \/>\n<meta name=\"robots\" content=\"index, follow, max-snippet:-1, max-image-preview:large, max-video-preview:-1\" \/>\n<link rel=\"canonical\" href=\"https:\/\/bergsiek.de\/en\/imprint-2\/\" \/>\n<meta property=\"og:locale\" content=\"en_US\" \/>\n<meta property=\"og:type\" content=\"article\" \/>\n<meta property=\"og:title\" content=\"Imprint &amp; legal notice | Bergsiek GmbH\" \/>\n<meta property=\"og:description\" content=\"Discover the imprint and legal notice of Bergsiek GmbH from Rinteln, Germany - your reliable partner for customized tank constructions. Contact us now!\" \/>\n<meta property=\"og:url\" content=\"https:\/\/bergsiek.de\/en\/imprint-2\/\" \/>\n<meta property=\"og:site_name\" content=\"Bergsiek\" \/>\n<meta property=\"article:modified_time\" content=\"2024-06-04T09:21:27+00:00\" \/>\n<meta name=\"twitter:card\" content=\"summary_large_image\" \/>\n<meta name=\"twitter:label1\" content=\"Est. reading time\" \/>\n\t<meta name=\"twitter:data1\" content=\"1 minute\" \/>\n<script type=\"application\/ld+json\" class=\"yoast-schema-graph\">{\"@context\":\"https:\\\/\\\/schema.org\",\"@graph\":[{\"@type\":\"WebPage\",\"@id\":\"https:\\\/\\\/bergsiek.de\\\/en\\\/imprint-2\\\/\",\"url\":\"https:\\\/\\\/bergsiek.de\\\/en\\\/imprint-2\\\/\",\"name\":\"Imprint & legal notice | Bergsiek GmbH\",\"isPartOf\":{\"@id\":\"https:\\\/\\\/bergsiek.de\\\/en\\\/#website\"},\"datePublished\":\"2018-11-26T15:10:03+00:00\",\"dateModified\":\"2024-06-04T09:21:27+00:00\",\"description\":\"Discover the imprint and legal notice of Bergsiek GmbH from Rinteln, Germany - your reliable partner for customized tank constructions. Contact us now!\",\"breadcrumb\":{\"@id\":\"https:\\\/\\\/bergsiek.de\\\/en\\\/imprint-2\\\/#breadcrumb\"},\"inLanguage\":\"en-US\",\"potentialAction\":[{\"@type\":\"ReadAction\",\"target\":[\"https:\\\/\\\/bergsiek.de\\\/en\\\/imprint-2\\\/\"]}]},{\"@type\":\"BreadcrumbList\",\"@id\":\"https:\\\/\\\/bergsiek.de\\\/en\\\/imprint-2\\\/#breadcrumb\",\"itemListElement\":[{\"@type\":\"ListItem\",\"position\":1,\"name\":\"Startseite\",\"item\":\"https:\\\/\\\/bergsiek.de\\\/en\\\/\"},{\"@type\":\"ListItem\",\"position\":2,\"name\":\"Imprint\"}]},{\"@type\":\"WebSite\",\"@id\":\"https:\\\/\\\/bergsiek.de\\\/en\\\/#website\",\"url\":\"https:\\\/\\\/bergsiek.de\\\/en\\\/\",\"name\":\"Bergsiek\",\"description\":\"Ma\u00dfgeschneiderte Beh\u00e4lter f\u00fcr den kommunalen Fahrzeugbau\",\"potentialAction\":[{\"@type\":\"SearchAction\",\"target\":{\"@type\":\"EntryPoint\",\"urlTemplate\":\"https:\\\/\\\/bergsiek.de\\\/en\\\/?s={search_term_string}\"},\"query-input\":{\"@type\":\"PropertyValueSpecification\",\"valueRequired\":true,\"valueName\":\"search_term_string\"}}],\"inLanguage\":\"en-US\"}]}<\/script>\n<!-- \/ Yoast SEO plugin. -->","yoast_head_json":{"title":"Imprint & legal notice | Bergsiek GmbH","description":"Discover the imprint and legal notice of Bergsiek GmbH from Rinteln, Germany - your reliable partner for customized tank constructions. Contact us now!","robots":{"index":"index","follow":"follow","max-snippet":"max-snippet:-1","max-image-preview":"max-image-preview:large","max-video-preview":"max-video-preview:-1"},"canonical":"https:\/\/bergsiek.de\/en\/imprint-2\/","og_locale":"en_US","og_type":"article","og_title":"Imprint & legal notice | Bergsiek GmbH","og_description":"Discover the imprint and legal notice of Bergsiek GmbH from Rinteln, Germany - your reliable partner for customized tank constructions. Contact us now!","og_url":"https:\/\/bergsiek.de\/en\/imprint-2\/","og_site_name":"Bergsiek","article_modified_time":"2024-06-04T09:21:27+00:00","twitter_card":"summary_large_image","twitter_misc":{"Est. reading time":"1 minute"},"schema":{"@context":"https:\/\/schema.org","@graph":[{"@type":"WebPage","@id":"https:\/\/bergsiek.de\/en\/imprint-2\/","url":"https:\/\/bergsiek.de\/en\/imprint-2\/","name":"Imprint & legal notice | Bergsiek GmbH","isPartOf":{"@id":"https:\/\/bergsiek.de\/en\/#website"},"datePublished":"2018-11-26T15:10:03+00:00","dateModified":"2024-06-04T09:21:27+00:00","description":"Discover the imprint and legal notice of Bergsiek GmbH from Rinteln, Germany - your reliable partner for customized tank constructions. Contact us now!","breadcrumb":{"@id":"https:\/\/bergsiek.de\/en\/imprint-2\/#breadcrumb"},"inLanguage":"en-US","potentialAction":[{"@type":"ReadAction","target":["https:\/\/bergsiek.de\/en\/imprint-2\/"]}]},{"@type":"BreadcrumbList","@id":"https:\/\/bergsiek.de\/en\/imprint-2\/#breadcrumb","itemListElement":[{"@type":"ListItem","position":1,"name":"Startseite","item":"https:\/\/bergsiek.de\/en\/"},{"@type":"ListItem","position":2,"name":"Imprint"}]},{"@type":"WebSite","@id":"https:\/\/bergsiek.de\/en\/#website","url":"https:\/\/bergsiek.de\/en\/","name":"Bergsiek","description":"Ma\u00dfgeschneiderte Beh\u00e4lter f\u00fcr den kommunalen Fahrzeugbau","potentialAction":[{"@type":"SearchAction","target":{"@type":"EntryPoint","urlTemplate":"https:\/\/bergsiek.de\/en\/?s={search_term_string}"},"query-input":{"@type":"PropertyValueSpecification","valueRequired":true,"valueName":"search_term_string"}}],"inLanguage":"en-US"}]}},"_links":{"self":[{"href":"https:\/\/bergsiek.de\/en\/wp-json\/wp\/v2\/pages\/552","targetHints":{"allow":["GET"]}}],"collection":[{"href":"https:\/\/bergsiek.de\/en\/wp-json\/wp\/v2\/pages"}],"about":[{"href":"https:\/\/bergsiek.de\/en\/wp-json\/wp\/v2\/types\/page"}],"author":[{"embeddable":true,"href":"https:\/\/bergsiek.de\/en\/wp-json\/wp\/v2\/users\/1"}],"replies":[{"embeddable":true,"href":"https:\/\/bergsiek.de\/en\/wp-json\/wp\/v2\/comments?post=552"}],"version-history":[{"count":4,"href":"https:\/\/bergsiek.de\/en\/wp-json\/wp\/v2\/pages\/552\/revisions"}],"predecessor-version":[{"id":1151,"href":"https:\/\/bergsiek.de\/en\/wp-json\/wp\/v2\/pages\/552\/revisions\/1151"}],"wp:attachment":[{"href":"https:\/\/bergsiek.de\/en\/wp-json\/wp\/v2\/media?parent=552"}],"curies":[{"name":"wp","href":"https:\/\/api.w.org\/{rel}","templated":true}]}}