{"id":524,"date":"2018-11-26T14:57:01","date_gmt":"2018-11-26T13:57:01","guid":{"rendered":"http:\/\/test.bergsiek.de\/?page_id=524"},"modified":"2024-06-04T11:17:59","modified_gmt":"2024-06-04T09:17:59","slug":"special-vehicle-bodies","status":"publish","type":"page","link":"https:\/\/bergsiek.de\/en\/special-vehicle-bodies\/","title":{"rendered":"Special vehicle bodies"},"content":{"rendered":"<div class=\"wpb-content-wrapper\">[mk_page_section bg_image=&#8221;http:\/\/test.bergsiek.de\/wp-content\/uploads\/2018\/11\/sonderbauten-kommunaler-fahrzeugbau-bergsiek-1.jpg&#8221; bg_position=&#8221;center bottom&#8221; bg_repeat=&#8221;no-repeat&#8221; bg_stretch=&#8221;true&#8221; min_height=&#8221;600&#8243; full_width=&#8221;true&#8221; js_vertical_centered=&#8221;true&#8221; el_class=&#8221;kopfbild&#8221; sidebar=&#8221;sidebar-1&#8243;][vc_column][vc_column_text css=&#8221;.vc_custom_1673948555736{margin-bottom: 0px !important;}&#8221;]\n<h1>Individual production of special superstructures<\/h1>\n[\/vc_column_text][\/vc_column][\/mk_page_section][vc_row][vc_column][vc_empty_space height=&#8221;&#8221; el_id=&#8221;space&#8221;][vc_column_text css=&#8221;.vc_custom_1673948567975{margin-bottom: 0px !important;}&#8221;]We also use our experience for the production of unusual special superstructures or special containers &#8211; whether in prototype construction, individual production for containers or special constructions for commercial vehicles.<\/p>\n<p>We produce every vehicle project, no matter how individual, as a horizontal system or interchangeable system with a total length of max. 11,300 mm. As a result, a compact and powerful special body should be manufactured for you and your needs.<\/p>\n[\/vc_column_text][\/vc_column][\/vc_row][vc_row][vc_column][mk_gallery images=&#8221;731,729,528,527,573&#8243; column=&#8221;2&#8243; height=&#8221;400&#8243; disable_title=&#8221;true&#8221; orderby=&#8221;post__in&#8221; visibility=&#8221;hidden-sm&#8221;][mk_gallery images=&#8221;303,304,660&#8243; column=&#8221;2&#8243; height=&#8221;400&#8243; orderby=&#8221;post__in&#8221; visibility=&#8221;visible-sm&#8221;][\/vc_column][\/vc_row][vc_row][vc_column][vc_column_text css=&#8221;.vc_custom_1673948734109{margin-bottom: 0px !important;}&#8221;]\n<h2>THE SOLUTION FOR YOUR SPECIAL CONTAINER REQUIREMENTS<\/h2>\n<p>We look forward to applying our experience in special container construction to your particular project to meet your needs. Just get in touch with us.<\/p>\n[\/vc_column_text][mk_button dimension=&#8221;two&#8221; size=&#8221;large&#8221; url=&#8221;https:\/\/bergsiek.de\/en\/contact\/&#8221;]Contact us now[\/mk_button][\/vc_column][\/vc_row]\n<p>&nbsp;<\/p>\n<\/div>","protected":false},"excerpt":{"rendered":"<p>[mk_page_section bg_image=&#8221;http:\/\/test.bergsiek.de\/wp-content\/uploads\/2018\/11\/sonderbauten-kommunaler-fahrzeugbau-bergsiek-1.jpg&#8221; bg_position=&#8221;center bottom&#8221; bg_repeat=&#8221;no-repeat&#8221; bg_stretch=&#8221;true&#8221; min_height=&#8221;600&#8243; full_width=&#8221;true&#8221; js_vertical_centered=&#8221;true&#8221; el_class=&#8221;kopfbild&#8221; sidebar=&#8221;sidebar-1&#8243;][vc_column][vc_column_text css=&#8221;.vc_custom_1673948555736{margin-bottom: 0px !important;}&#8221;] Individual production of special superstructures [\/vc_column_text][\/vc_column][\/mk_page_section][vc_row][vc_column][vc_empty_space height=&#8221;&#8221; el_id=&#8221;space&#8221;][vc_column_text css=&#8221;.vc_custom_1673948567975{margin-bottom: 0px !important;}&#8221;]We also use our experience for the production of unusual special superstructures or special containers &#8211; whether in prototype construction, individual production for containers or special constructions for commercial vehicles. We [&hellip;]<\/p>\n","protected":false},"author":1,"featured_media":0,"parent":0,"menu_order":0,"comment_status":"closed","ping_status":"closed","template":"","meta":{"footnotes":""},"class_list":["post-524","page","type-page","status-publish","hentry"],"yoast_head":"<!-- This site is optimized with the Yoast SEO plugin v27.4 - https:\/\/yoast.com\/product\/yoast-seo-wordpress\/ -->\n<title>Special superstructures by Bergsiek GmbH<\/title>\n<meta name=\"description\" content=\"We manufacture special superstructures. Create your hazardous waste containers &amp; more with Bergsiek based on professional prototype construction!\" \/>\n<meta name=\"robots\" content=\"index, follow, max-snippet:-1, max-image-preview:large, max-video-preview:-1\" \/>\n<link rel=\"canonical\" href=\"https:\/\/bergsiek.de\/en\/special-vehicle-bodies\/\" \/>\n<meta property=\"og:locale\" content=\"en_US\" \/>\n<meta property=\"og:type\" content=\"article\" \/>\n<meta property=\"og:title\" content=\"Special superstructures by Bergsiek GmbH\" \/>\n<meta property=\"og:description\" content=\"We manufacture special superstructures. Create your hazardous waste containers &amp; more with Bergsiek based on professional prototype construction!\" \/>\n<meta property=\"og:url\" content=\"https:\/\/bergsiek.de\/en\/special-vehicle-bodies\/\" \/>\n<meta property=\"og:site_name\" content=\"Bergsiek\" \/>\n<meta property=\"article:modified_time\" content=\"2024-06-04T09:17:59+00:00\" \/>\n<meta name=\"twitter:card\" content=\"summary_large_image\" \/>\n<meta name=\"twitter:label1\" content=\"Est. reading time\" \/>\n\t<meta name=\"twitter:data1\" content=\"1 minute\" \/>\n<script type=\"application\/ld+json\" class=\"yoast-schema-graph\">{\"@context\":\"https:\\\/\\\/schema.org\",\"@graph\":[{\"@type\":\"WebPage\",\"@id\":\"https:\\\/\\\/bergsiek.de\\\/en\\\/special-vehicle-bodies\\\/\",\"url\":\"https:\\\/\\\/bergsiek.de\\\/en\\\/special-vehicle-bodies\\\/\",\"name\":\"Special superstructures by Bergsiek GmbH\",\"isPartOf\":{\"@id\":\"https:\\\/\\\/bergsiek.de\\\/#website\"},\"datePublished\":\"2018-11-26T13:57:01+00:00\",\"dateModified\":\"2024-06-04T09:17:59+00:00\",\"description\":\"We manufacture special superstructures. Create your hazardous waste containers & more with Bergsiek based on professional prototype construction!\",\"breadcrumb\":{\"@id\":\"https:\\\/\\\/bergsiek.de\\\/en\\\/special-vehicle-bodies\\\/#breadcrumb\"},\"inLanguage\":\"en-US\",\"potentialAction\":[{\"@type\":\"ReadAction\",\"target\":[\"https:\\\/\\\/bergsiek.de\\\/en\\\/special-vehicle-bodies\\\/\"]}]},{\"@type\":\"BreadcrumbList\",\"@id\":\"https:\\\/\\\/bergsiek.de\\\/en\\\/special-vehicle-bodies\\\/#breadcrumb\",\"itemListElement\":[{\"@type\":\"ListItem\",\"position\":1,\"name\":\"Startseite\",\"item\":\"https:\\\/\\\/bergsiek.de\\\/en\\\/\"},{\"@type\":\"ListItem\",\"position\":2,\"name\":\"Special vehicle bodies\"}]},{\"@type\":\"WebSite\",\"@id\":\"https:\\\/\\\/bergsiek.de\\\/#website\",\"url\":\"https:\\\/\\\/bergsiek.de\\\/\",\"name\":\"Bergsiek\",\"description\":\"Ma\u00dfgeschneiderte Beh\u00e4lter f\u00fcr den kommunalen Fahrzeugbau\",\"potentialAction\":[{\"@type\":\"SearchAction\",\"target\":{\"@type\":\"EntryPoint\",\"urlTemplate\":\"https:\\\/\\\/bergsiek.de\\\/?s={search_term_string}\"},\"query-input\":{\"@type\":\"PropertyValueSpecification\",\"valueRequired\":true,\"valueName\":\"search_term_string\"}}],\"inLanguage\":\"en-US\"}]}<\/script>\n<!-- \/ Yoast SEO plugin. -->","yoast_head_json":{"title":"Special superstructures by Bergsiek GmbH","description":"We manufacture special superstructures. Create your hazardous waste containers & more with Bergsiek based on professional prototype construction!","robots":{"index":"index","follow":"follow","max-snippet":"max-snippet:-1","max-image-preview":"max-image-preview:large","max-video-preview":"max-video-preview:-1"},"canonical":"https:\/\/bergsiek.de\/en\/special-vehicle-bodies\/","og_locale":"en_US","og_type":"article","og_title":"Special superstructures by Bergsiek GmbH","og_description":"We manufacture special superstructures. Create your hazardous waste containers & more with Bergsiek based on professional prototype construction!","og_url":"https:\/\/bergsiek.de\/en\/special-vehicle-bodies\/","og_site_name":"Bergsiek","article_modified_time":"2024-06-04T09:17:59+00:00","twitter_card":"summary_large_image","twitter_misc":{"Est. reading time":"1 minute"},"schema":{"@context":"https:\/\/schema.org","@graph":[{"@type":"WebPage","@id":"https:\/\/bergsiek.de\/en\/special-vehicle-bodies\/","url":"https:\/\/bergsiek.de\/en\/special-vehicle-bodies\/","name":"Special superstructures by Bergsiek GmbH","isPartOf":{"@id":"https:\/\/bergsiek.de\/#website"},"datePublished":"2018-11-26T13:57:01+00:00","dateModified":"2024-06-04T09:17:59+00:00","description":"We manufacture special superstructures. Create your hazardous waste containers & more with Bergsiek based on professional prototype construction!","breadcrumb":{"@id":"https:\/\/bergsiek.de\/en\/special-vehicle-bodies\/#breadcrumb"},"inLanguage":"en-US","potentialAction":[{"@type":"ReadAction","target":["https:\/\/bergsiek.de\/en\/special-vehicle-bodies\/"]}]},{"@type":"BreadcrumbList","@id":"https:\/\/bergsiek.de\/en\/special-vehicle-bodies\/#breadcrumb","itemListElement":[{"@type":"ListItem","position":1,"name":"Startseite","item":"https:\/\/bergsiek.de\/en\/"},{"@type":"ListItem","position":2,"name":"Special vehicle bodies"}]},{"@type":"WebSite","@id":"https:\/\/bergsiek.de\/#website","url":"https:\/\/bergsiek.de\/","name":"Bergsiek","description":"Ma\u00dfgeschneiderte Beh\u00e4lter f\u00fcr den kommunalen Fahrzeugbau","potentialAction":[{"@type":"SearchAction","target":{"@type":"EntryPoint","urlTemplate":"https:\/\/bergsiek.de\/?s={search_term_string}"},"query-input":{"@type":"PropertyValueSpecification","valueRequired":true,"valueName":"search_term_string"}}],"inLanguage":"en-US"}]}},"_links":{"self":[{"href":"https:\/\/bergsiek.de\/en\/wp-json\/wp\/v2\/pages\/524","targetHints":{"allow":["GET"]}}],"collection":[{"href":"https:\/\/bergsiek.de\/en\/wp-json\/wp\/v2\/pages"}],"about":[{"href":"https:\/\/bergsiek.de\/en\/wp-json\/wp\/v2\/types\/page"}],"author":[{"embeddable":true,"href":"https:\/\/bergsiek.de\/en\/wp-json\/wp\/v2\/users\/1"}],"replies":[{"embeddable":true,"href":"https:\/\/bergsiek.de\/en\/wp-json\/wp\/v2\/comments?post=524"}],"version-history":[{"count":11,"href":"https:\/\/bergsiek.de\/en\/wp-json\/wp\/v2\/pages\/524\/revisions"}],"predecessor-version":[{"id":1050,"href":"https:\/\/bergsiek.de\/en\/wp-json\/wp\/v2\/pages\/524\/revisions\/1050"}],"wp:attachment":[{"href":"https:\/\/bergsiek.de\/en\/wp-json\/wp\/v2\/media?parent=524"}],"curies":[{"name":"wp","href":"https:\/\/api.w.org\/{rel}","templated":true}]}}