{"id":517,"date":"2018-11-26T14:50:27","date_gmt":"2018-11-26T13:50:27","guid":{"rendered":"http:\/\/test.bergsiek.de\/?page_id=517"},"modified":"2024-06-04T11:17:34","modified_gmt":"2024-06-04T09:17:34","slug":"compacting-containers","status":"publish","type":"page","link":"https:\/\/bergsiek.de\/en\/compacting-containers\/","title":{"rendered":"Compacting containers"},"content":{"rendered":"<div class=\"wpb-content-wrapper\">[mk_page_section bg_image=&#8221;https:\/\/bergsiek.de\/wp-content\/uploads\/2020\/12\/muellpress.jpg&#8221; bg_position=&#8221;center center&#8221; bg_repeat=&#8221;no-repeat&#8221; bg_stretch=&#8221;true&#8221; min_height=&#8221;600&#8243; full_width=&#8221;true&#8221; js_vertical_centered=&#8221;true&#8221; el_class=&#8221;kopfbild&#8221; sidebar=&#8221;sidebar-1&#8243;][vc_column][vc_column_text css=&#8221;.vc_custom_1673947176228{margin-bottom: 0px !important;}&#8221;]\n<h1>Waste compactor containers for your requirements<\/h1>\n[\/vc_column_text][\/vc_column][\/mk_page_section][vc_row][vc_column][vc_empty_space][vc_column_text css=&#8221;.vc_custom_1673947354979{margin-bottom: 0px !important;}&#8221;]Our many years of experience in municipal vehicle construction also stems to a large extent from the manufacture of refuse collection vehicle bodies to customer specifications.<\/p>\n<p>Here we can accelerate the process from planning to production with our know-how.<\/p>\n<p>At the same time, this knowledge also flows into the concept of our refuse containers. In this way, we create durable container presses that optimally withstand the loads and are highly practical.[\/vc_column_text][\/vc_column][\/vc_row][vc_row][vc_column width=&#8221;3\/4&#8243;][vc_column_text css=&#8221;.vc_custom_1673947417318{margin-bottom: 0px !important;}&#8221;]\n<h2>INDIVIDUAL PRODUCTION OF WASTE CONTAINERS<\/h2>\n<p>Depending on the customer&#8217;s requirements, we manufacture volume and weight-optimised refuse vehicle bodies from 4 &#8211; 43 m\u00b3 in size, so that the body fits your requirements exactly.<\/p>\n<p>On request, we can provide the exterior painting and even the interior coating for you.[\/vc_column_text][\/vc_column][vc_column width=&#8221;1\/4&#8243;][\/vc_column][\/vc_row][vc_row][vc_column][vc_empty_space height=&#8221;&#8221;][\/vc_column][\/vc_row][vc_row][vc_column][mk_gallery images=&#8221;712,710,708&#8243; column=&#8221;2&#8243; height=&#8221;400&#8243; disable_title=&#8221;true&#8221; orderby=&#8221;post__in&#8221; visibility=&#8221;hidden-sm&#8221;][\/vc_column][\/vc_row][vc_row][vc_column][vc_column_text css=&#8221;.vc_custom_1673947588331{margin-bottom: 0px !important;}&#8221;]\n<h2>DID WE HEAR WASTE COMPACTOR? CALL US!<\/h2>\n<p>Simply contact us and tell us about your requirements for waste compactors, we will be happy to advise you.<br \/>\n[\/vc_column_text][mk_button dimension=&#8221;two&#8221; size=&#8221;large&#8221; url=&#8221;https:\/\/bergsiek.de\/en\/contact\/&#8221;]Contact us now[\/mk_button][\/vc_column][\/vc_row]\n<\/div>","protected":false},"excerpt":{"rendered":"<p>[mk_page_section bg_image=&#8221;https:\/\/bergsiek.de\/wp-content\/uploads\/2020\/12\/muellpress.jpg&#8221; bg_position=&#8221;center center&#8221; bg_repeat=&#8221;no-repeat&#8221; bg_stretch=&#8221;true&#8221; min_height=&#8221;600&#8243; full_width=&#8221;true&#8221; js_vertical_centered=&#8221;true&#8221; el_class=&#8221;kopfbild&#8221; sidebar=&#8221;sidebar-1&#8243;][vc_column][vc_column_text css=&#8221;.vc_custom_1673947176228{margin-bottom: 0px !important;}&#8221;] Waste compactor containers for your requirements [\/vc_column_text][\/vc_column][\/mk_page_section][vc_row][vc_column][vc_empty_space][vc_column_text css=&#8221;.vc_custom_1673947354979{margin-bottom: 0px !important;}&#8221;]Our many years of experience in municipal vehicle construction also stems to a large extent from the manufacture of refuse collection vehicle bodies to customer specifications. Here we can accelerate the process [&hellip;]<\/p>\n","protected":false},"author":1,"featured_media":0,"parent":0,"menu_order":0,"comment_status":"closed","ping_status":"closed","template":"","meta":{"footnotes":""},"class_list":["post-517","page","type-page","status-publish","hentry"],"yoast_head":"<!-- This site is optimized with the Yoast SEO plugin v27.4 - https:\/\/yoast.com\/product\/yoast-seo-wordpress\/ -->\n<title>Waste compactor containers by Bergsiek GmbH<\/title>\n<meta name=\"description\" content=\"Customized waste compactor containers! Discover containers for waste compactors, waste garbage cans &amp; container compactors at Bergsiek.\" \/>\n<meta name=\"robots\" content=\"index, follow, max-snippet:-1, max-image-preview:large, max-video-preview:-1\" \/>\n<link rel=\"canonical\" href=\"https:\/\/bergsiek.de\/en\/compacting-containers\/\" \/>\n<meta property=\"og:locale\" content=\"en_US\" \/>\n<meta property=\"og:type\" content=\"article\" \/>\n<meta property=\"og:title\" content=\"Waste compactor containers by Bergsiek GmbH\" \/>\n<meta property=\"og:description\" content=\"Customized waste compactor containers! Discover containers for waste compactors, waste garbage cans &amp; container compactors at Bergsiek.\" \/>\n<meta property=\"og:url\" content=\"https:\/\/bergsiek.de\/en\/compacting-containers\/\" \/>\n<meta property=\"og:site_name\" content=\"Bergsiek\" \/>\n<meta property=\"article:modified_time\" content=\"2024-06-04T09:17:34+00:00\" \/>\n<meta name=\"twitter:card\" content=\"summary_large_image\" \/>\n<meta name=\"twitter:label1\" content=\"Est. reading time\" \/>\n\t<meta name=\"twitter:data1\" content=\"2 minutes\" \/>\n<script type=\"application\/ld+json\" class=\"yoast-schema-graph\">{\"@context\":\"https:\\\/\\\/schema.org\",\"@graph\":[{\"@type\":\"WebPage\",\"@id\":\"https:\\\/\\\/bergsiek.de\\\/en\\\/compacting-containers\\\/\",\"url\":\"https:\\\/\\\/bergsiek.de\\\/en\\\/compacting-containers\\\/\",\"name\":\"Waste compactor containers by Bergsiek GmbH\",\"isPartOf\":{\"@id\":\"https:\\\/\\\/bergsiek.de\\\/#website\"},\"datePublished\":\"2018-11-26T13:50:27+00:00\",\"dateModified\":\"2024-06-04T09:17:34+00:00\",\"description\":\"Customized waste compactor containers! Discover containers for waste compactors, waste garbage cans & container compactors at Bergsiek.\",\"breadcrumb\":{\"@id\":\"https:\\\/\\\/bergsiek.de\\\/en\\\/compacting-containers\\\/#breadcrumb\"},\"inLanguage\":\"en-US\",\"potentialAction\":[{\"@type\":\"ReadAction\",\"target\":[\"https:\\\/\\\/bergsiek.de\\\/en\\\/compacting-containers\\\/\"]}]},{\"@type\":\"BreadcrumbList\",\"@id\":\"https:\\\/\\\/bergsiek.de\\\/en\\\/compacting-containers\\\/#breadcrumb\",\"itemListElement\":[{\"@type\":\"ListItem\",\"position\":1,\"name\":\"Startseite\",\"item\":\"https:\\\/\\\/bergsiek.de\\\/en\\\/\"},{\"@type\":\"ListItem\",\"position\":2,\"name\":\"Compacting containers\"}]},{\"@type\":\"WebSite\",\"@id\":\"https:\\\/\\\/bergsiek.de\\\/#website\",\"url\":\"https:\\\/\\\/bergsiek.de\\\/\",\"name\":\"Bergsiek\",\"description\":\"Ma\u00dfgeschneiderte Beh\u00e4lter f\u00fcr den kommunalen Fahrzeugbau\",\"potentialAction\":[{\"@type\":\"SearchAction\",\"target\":{\"@type\":\"EntryPoint\",\"urlTemplate\":\"https:\\\/\\\/bergsiek.de\\\/?s={search_term_string}\"},\"query-input\":{\"@type\":\"PropertyValueSpecification\",\"valueRequired\":true,\"valueName\":\"search_term_string\"}}],\"inLanguage\":\"en-US\"}]}<\/script>\n<!-- \/ Yoast SEO plugin. -->","yoast_head_json":{"title":"Waste compactor containers by Bergsiek GmbH","description":"Customized waste compactor containers! Discover containers for waste compactors, waste garbage cans & container compactors at Bergsiek.","robots":{"index":"index","follow":"follow","max-snippet":"max-snippet:-1","max-image-preview":"max-image-preview:large","max-video-preview":"max-video-preview:-1"},"canonical":"https:\/\/bergsiek.de\/en\/compacting-containers\/","og_locale":"en_US","og_type":"article","og_title":"Waste compactor containers by Bergsiek GmbH","og_description":"Customized waste compactor containers! Discover containers for waste compactors, waste garbage cans & container compactors at Bergsiek.","og_url":"https:\/\/bergsiek.de\/en\/compacting-containers\/","og_site_name":"Bergsiek","article_modified_time":"2024-06-04T09:17:34+00:00","twitter_card":"summary_large_image","twitter_misc":{"Est. reading time":"2 minutes"},"schema":{"@context":"https:\/\/schema.org","@graph":[{"@type":"WebPage","@id":"https:\/\/bergsiek.de\/en\/compacting-containers\/","url":"https:\/\/bergsiek.de\/en\/compacting-containers\/","name":"Waste compactor containers by Bergsiek GmbH","isPartOf":{"@id":"https:\/\/bergsiek.de\/#website"},"datePublished":"2018-11-26T13:50:27+00:00","dateModified":"2024-06-04T09:17:34+00:00","description":"Customized waste compactor containers! Discover containers for waste compactors, waste garbage cans & container compactors at Bergsiek.","breadcrumb":{"@id":"https:\/\/bergsiek.de\/en\/compacting-containers\/#breadcrumb"},"inLanguage":"en-US","potentialAction":[{"@type":"ReadAction","target":["https:\/\/bergsiek.de\/en\/compacting-containers\/"]}]},{"@type":"BreadcrumbList","@id":"https:\/\/bergsiek.de\/en\/compacting-containers\/#breadcrumb","itemListElement":[{"@type":"ListItem","position":1,"name":"Startseite","item":"https:\/\/bergsiek.de\/en\/"},{"@type":"ListItem","position":2,"name":"Compacting containers"}]},{"@type":"WebSite","@id":"https:\/\/bergsiek.de\/#website","url":"https:\/\/bergsiek.de\/","name":"Bergsiek","description":"Ma\u00dfgeschneiderte Beh\u00e4lter f\u00fcr den kommunalen Fahrzeugbau","potentialAction":[{"@type":"SearchAction","target":{"@type":"EntryPoint","urlTemplate":"https:\/\/bergsiek.de\/?s={search_term_string}"},"query-input":{"@type":"PropertyValueSpecification","valueRequired":true,"valueName":"search_term_string"}}],"inLanguage":"en-US"}]}},"_links":{"self":[{"href":"https:\/\/bergsiek.de\/en\/wp-json\/wp\/v2\/pages\/517","targetHints":{"allow":["GET"]}}],"collection":[{"href":"https:\/\/bergsiek.de\/en\/wp-json\/wp\/v2\/pages"}],"about":[{"href":"https:\/\/bergsiek.de\/en\/wp-json\/wp\/v2\/types\/page"}],"author":[{"embeddable":true,"href":"https:\/\/bergsiek.de\/en\/wp-json\/wp\/v2\/users\/1"}],"replies":[{"embeddable":true,"href":"https:\/\/bergsiek.de\/en\/wp-json\/wp\/v2\/comments?post=517"}],"version-history":[{"count":11,"href":"https:\/\/bergsiek.de\/en\/wp-json\/wp\/v2\/pages\/517\/revisions"}],"predecessor-version":[{"id":1038,"href":"https:\/\/bergsiek.de\/en\/wp-json\/wp\/v2\/pages\/517\/revisions\/1038"}],"wp:attachment":[{"href":"https:\/\/bergsiek.de\/en\/wp-json\/wp\/v2\/media?parent=517"}],"curies":[{"name":"wp","href":"https:\/\/api.w.org\/{rel}","templated":true}]}}