{"id":508,"date":"2018-11-26T14:38:16","date_gmt":"2018-11-26T13:38:16","guid":{"rendered":"http:\/\/test.bergsiek.de\/?page_id=508"},"modified":"2024-06-04T11:17:07","modified_gmt":"2024-06-04T09:17:07","slug":"suction-pressure-containers-2","status":"publish","type":"page","link":"https:\/\/bergsiek.de\/en\/suction-pressure-containers-2\/","title":{"rendered":"Suction\/pressure containers"},"content":{"rendered":"<div class=\"wpb-content-wrapper\">[mk_page_section bg_image=&#8221;http:\/\/test.bergsiek.de\/wp-content\/uploads\/2018\/11\/saug-druck-behaelter_kommunaler-fahrzeugbau_kopfbild-1.jpg&#8221; bg_position=&#8221;center center&#8221; bg_repeat=&#8221;no-repeat&#8221; bg_stretch=&#8221;true&#8221; min_height=&#8221;600&#8243; full_width=&#8221;true&#8221; js_vertical_centered=&#8221;true&#8221; el_class=&#8221;kopfbild&#8221; sidebar=&#8221;sidebar-1&#8243;][vc_column][vc_column_text css=&#8221;.vc_custom_1673946153053{margin-bottom: 0px !important;}&#8221;]\n<h1>Pressure vessels according to your requirements<\/h1>\n[\/vc_column_text][\/vc_column][\/mk_page_section][vc_row][vc_column][vc_empty_space height=&#8221;&#8221; el_id=&#8221;space&#8221;][vc_column_text css=&#8221;.vc_custom_1673946278697{margin-bottom: 0px !important;}&#8221;]Our expertise also includes the manufacture of high-performance suction and pressure tanks for commercial vehicles in municipal vehicle construction from 800mm &#8211; 3000mm up to a length of 14,000 mm. Of course also for stationary use.[\/vc_column_text][\/vc_column][\/vc_row][vc_row][vc_column width=&#8221;3\/4&#8243;][vc_column_text css=&#8221;.vc_custom_1673946879367{margin-bottom: 0px !important;}&#8221;]\n<h2>SPECIAL REQUIREMENTS FOR HIGH PERFORMANCE TANKS<\/h2>\n<p>Special requirements are placed on overpressure and underpressure vessels, as they have to withstand heavy loads. Special skills and requirements are therefore also needed for their manufacture.<\/p>\n<p>For this reason, we are a T\u00dcV-certified welding company according to AD 2000 Merkblatt HP-0 \/ TRD 201 and DIN ISO 3834-2 with T\u00dcV-certified welders according to DIN EN ISO 15614-1.<\/p>\n<h2>MATERIAL FOR OUR PRESSURE VESSELS<\/h2>\n<p>In order for the suction-pressure vessels to withstand the loads, we use as materials:<\/p>\n<ul>\n<li>Steel S235JR, S355GH, P265GH<\/li>\n<li>Stainless steel 1.4301, 1.4571<\/li>\n<\/ul>\n<p>The material thickness depends on the type of load and the medium\/place of use. It is at least 3 mm and goes up to 8 mm. Within this range, we can then respond to your individual requirements.<\/p>\n<h3>PRESSURE VESSELS IN ALL TYPES AND SHAPES<\/h3>\n<p>High-performance vessels are used in many different areas. They come in all sizes, as a mobile container on a vehicle or trailer and as an element of a stationary system.<\/p>\n<p>Through our many years of experience, we have become familiar with many possible applications and the special features associated with them.<\/p>\n[\/vc_column_text][\/vc_column][vc_column width=&#8221;1\/4&#8243;][\/vc_column][\/vc_row][vc_row][vc_column][vc_empty_space height=&#8221;&#8221;][\/vc_column][\/vc_row][vc_row][vc_column][mk_gallery images=&#8221;201,202,284,203,283,298&#8243; column=&#8221;2&#8243; height=&#8221;400&#8243; disable_title=&#8221;true&#8221; orderby=&#8221;post__in&#8221; visibility=&#8221;hidden-sm&#8221;][mk_gallery images=&#8221;201,202,284,203,283,298&#8243; column=&#8221;2&#8243; height=&#8221;400&#8243; orderby=&#8221;post__in&#8221; visibility=&#8221;visible-sm&#8221;][\/vc_column][\/vc_row][vc_row][vc_column][vc_column_text css=&#8221;.vc_custom_1673946675561{margin-bottom: 0px !important;}&#8221;]\n<h2>YOUR INDIVIDUAL PRESSURE VESSEL IS ONLY A CALL AWAY<\/h2>\n<p>Feel free to give us a call or send us an email. We will develop the solution for your requirements.<\/p>\n[\/vc_column_text][mk_button dimension=&#8221;two&#8221; size=&#8221;large&#8221; url=&#8221;https:\/\/bergsiek.de\/en\/contact\/&#8221;]Contact us now[\/mk_button][\/vc_column][\/vc_row]\n<\/div>","protected":false},"excerpt":{"rendered":"<p>[mk_page_section bg_image=&#8221;http:\/\/test.bergsiek.de\/wp-content\/uploads\/2018\/11\/saug-druck-behaelter_kommunaler-fahrzeugbau_kopfbild-1.jpg&#8221; bg_position=&#8221;center center&#8221; bg_repeat=&#8221;no-repeat&#8221; bg_stretch=&#8221;true&#8221; min_height=&#8221;600&#8243; full_width=&#8221;true&#8221; js_vertical_centered=&#8221;true&#8221; el_class=&#8221;kopfbild&#8221; sidebar=&#8221;sidebar-1&#8243;][vc_column][vc_column_text css=&#8221;.vc_custom_1673946153053{margin-bottom: 0px !important;}&#8221;] Pressure vessels according to your requirements [\/vc_column_text][\/vc_column][\/mk_page_section][vc_row][vc_column][vc_empty_space height=&#8221;&#8221; el_id=&#8221;space&#8221;][vc_column_text css=&#8221;.vc_custom_1673946278697{margin-bottom: 0px !important;}&#8221;]Our expertise also includes the manufacture of high-performance suction and pressure tanks for commercial vehicles in municipal vehicle construction from 800mm &#8211; 3000mm up to a length of 14,000 mm. [&hellip;]<\/p>\n","protected":false},"author":1,"featured_media":0,"parent":0,"menu_order":0,"comment_status":"closed","ping_status":"closed","template":"","meta":{"footnotes":""},"class_list":["post-508","page","type-page","status-publish","hentry"],"yoast_head":"<!-- This site is optimized with the Yoast SEO plugin v27.4 - https:\/\/yoast.com\/product\/yoast-seo-wordpress\/ -->\n<title>Pressure vessels at Bergsiek GmbH<\/title>\n<meta name=\"description\" content=\"High-performance tanks from Bergsiek Bah\u00e4lterbau GmbH: \u2713High-pressure tanks \u2713Suction-pressure tanks - enquire now!\" \/>\n<meta name=\"robots\" content=\"index, follow, max-snippet:-1, max-image-preview:large, max-video-preview:-1\" \/>\n<link rel=\"canonical\" href=\"https:\/\/bergsiek.de\/en\/suction-pressure-containers-2\/\" \/>\n<meta property=\"og:locale\" content=\"en_US\" \/>\n<meta property=\"og:type\" content=\"article\" \/>\n<meta property=\"og:title\" content=\"Pressure vessels at Bergsiek GmbH\" \/>\n<meta property=\"og:description\" content=\"High-performance tanks from Bergsiek Bah\u00e4lterbau GmbH: \u2713High-pressure tanks \u2713Suction-pressure tanks - enquire now!\" \/>\n<meta property=\"og:url\" content=\"https:\/\/bergsiek.de\/en\/suction-pressure-containers-2\/\" \/>\n<meta property=\"og:site_name\" content=\"Bergsiek\" \/>\n<meta property=\"article:modified_time\" content=\"2024-06-04T09:17:07+00:00\" \/>\n<meta name=\"twitter:card\" content=\"summary_large_image\" \/>\n<meta name=\"twitter:label1\" content=\"Est. reading time\" \/>\n\t<meta name=\"twitter:data1\" content=\"2 minutes\" \/>\n<script type=\"application\/ld+json\" class=\"yoast-schema-graph\">{\"@context\":\"https:\\\/\\\/schema.org\",\"@graph\":[{\"@type\":\"WebPage\",\"@id\":\"https:\\\/\\\/bergsiek.de\\\/en\\\/suction-pressure-containers-2\\\/\",\"url\":\"https:\\\/\\\/bergsiek.de\\\/en\\\/suction-pressure-containers-2\\\/\",\"name\":\"Pressure vessels at Bergsiek GmbH\",\"isPartOf\":{\"@id\":\"https:\\\/\\\/bergsiek.de\\\/#website\"},\"datePublished\":\"2018-11-26T13:38:16+00:00\",\"dateModified\":\"2024-06-04T09:17:07+00:00\",\"description\":\"High-performance tanks from Bergsiek Bah\u00e4lterbau GmbH: \u2713High-pressure tanks \u2713Suction-pressure tanks - enquire now!\",\"breadcrumb\":{\"@id\":\"https:\\\/\\\/bergsiek.de\\\/en\\\/suction-pressure-containers-2\\\/#breadcrumb\"},\"inLanguage\":\"en-US\",\"potentialAction\":[{\"@type\":\"ReadAction\",\"target\":[\"https:\\\/\\\/bergsiek.de\\\/en\\\/suction-pressure-containers-2\\\/\"]}]},{\"@type\":\"BreadcrumbList\",\"@id\":\"https:\\\/\\\/bergsiek.de\\\/en\\\/suction-pressure-containers-2\\\/#breadcrumb\",\"itemListElement\":[{\"@type\":\"ListItem\",\"position\":1,\"name\":\"Startseite\",\"item\":\"https:\\\/\\\/bergsiek.de\\\/en\\\/\"},{\"@type\":\"ListItem\",\"position\":2,\"name\":\"Suction\\\/pressure containers\"}]},{\"@type\":\"WebSite\",\"@id\":\"https:\\\/\\\/bergsiek.de\\\/#website\",\"url\":\"https:\\\/\\\/bergsiek.de\\\/\",\"name\":\"Bergsiek\",\"description\":\"Ma\u00dfgeschneiderte Beh\u00e4lter f\u00fcr den kommunalen Fahrzeugbau\",\"potentialAction\":[{\"@type\":\"SearchAction\",\"target\":{\"@type\":\"EntryPoint\",\"urlTemplate\":\"https:\\\/\\\/bergsiek.de\\\/?s={search_term_string}\"},\"query-input\":{\"@type\":\"PropertyValueSpecification\",\"valueRequired\":true,\"valueName\":\"search_term_string\"}}],\"inLanguage\":\"en-US\"}]}<\/script>\n<!-- \/ Yoast SEO plugin. -->","yoast_head_json":{"title":"Pressure vessels at Bergsiek GmbH","description":"High-performance tanks from Bergsiek Bah\u00e4lterbau GmbH: \u2713High-pressure tanks \u2713Suction-pressure tanks - enquire now!","robots":{"index":"index","follow":"follow","max-snippet":"max-snippet:-1","max-image-preview":"max-image-preview:large","max-video-preview":"max-video-preview:-1"},"canonical":"https:\/\/bergsiek.de\/en\/suction-pressure-containers-2\/","og_locale":"en_US","og_type":"article","og_title":"Pressure vessels at Bergsiek GmbH","og_description":"High-performance tanks from Bergsiek Bah\u00e4lterbau GmbH: \u2713High-pressure tanks \u2713Suction-pressure tanks - enquire now!","og_url":"https:\/\/bergsiek.de\/en\/suction-pressure-containers-2\/","og_site_name":"Bergsiek","article_modified_time":"2024-06-04T09:17:07+00:00","twitter_card":"summary_large_image","twitter_misc":{"Est. reading time":"2 minutes"},"schema":{"@context":"https:\/\/schema.org","@graph":[{"@type":"WebPage","@id":"https:\/\/bergsiek.de\/en\/suction-pressure-containers-2\/","url":"https:\/\/bergsiek.de\/en\/suction-pressure-containers-2\/","name":"Pressure vessels at Bergsiek GmbH","isPartOf":{"@id":"https:\/\/bergsiek.de\/#website"},"datePublished":"2018-11-26T13:38:16+00:00","dateModified":"2024-06-04T09:17:07+00:00","description":"High-performance tanks from Bergsiek Bah\u00e4lterbau GmbH: \u2713High-pressure tanks \u2713Suction-pressure tanks - enquire now!","breadcrumb":{"@id":"https:\/\/bergsiek.de\/en\/suction-pressure-containers-2\/#breadcrumb"},"inLanguage":"en-US","potentialAction":[{"@type":"ReadAction","target":["https:\/\/bergsiek.de\/en\/suction-pressure-containers-2\/"]}]},{"@type":"BreadcrumbList","@id":"https:\/\/bergsiek.de\/en\/suction-pressure-containers-2\/#breadcrumb","itemListElement":[{"@type":"ListItem","position":1,"name":"Startseite","item":"https:\/\/bergsiek.de\/en\/"},{"@type":"ListItem","position":2,"name":"Suction\/pressure containers"}]},{"@type":"WebSite","@id":"https:\/\/bergsiek.de\/#website","url":"https:\/\/bergsiek.de\/","name":"Bergsiek","description":"Ma\u00dfgeschneiderte Beh\u00e4lter f\u00fcr den kommunalen Fahrzeugbau","potentialAction":[{"@type":"SearchAction","target":{"@type":"EntryPoint","urlTemplate":"https:\/\/bergsiek.de\/?s={search_term_string}"},"query-input":{"@type":"PropertyValueSpecification","valueRequired":true,"valueName":"search_term_string"}}],"inLanguage":"en-US"}]}},"_links":{"self":[{"href":"https:\/\/bergsiek.de\/en\/wp-json\/wp\/v2\/pages\/508","targetHints":{"allow":["GET"]}}],"collection":[{"href":"https:\/\/bergsiek.de\/en\/wp-json\/wp\/v2\/pages"}],"about":[{"href":"https:\/\/bergsiek.de\/en\/wp-json\/wp\/v2\/types\/page"}],"author":[{"embeddable":true,"href":"https:\/\/bergsiek.de\/en\/wp-json\/wp\/v2\/users\/1"}],"replies":[{"embeddable":true,"href":"https:\/\/bergsiek.de\/en\/wp-json\/wp\/v2\/comments?post=508"}],"version-history":[{"count":7,"href":"https:\/\/bergsiek.de\/en\/wp-json\/wp\/v2\/pages\/508\/revisions"}],"predecessor-version":[{"id":1035,"href":"https:\/\/bergsiek.de\/en\/wp-json\/wp\/v2\/pages\/508\/revisions\/1035"}],"wp:attachment":[{"href":"https:\/\/bergsiek.de\/en\/wp-json\/wp\/v2\/media?parent=508"}],"curies":[{"name":"wp","href":"https:\/\/api.w.org\/{rel}","templated":true}]}}