{"id":492,"date":"2018-11-26T13:44:34","date_gmt":"2018-11-26T12:44:34","guid":{"rendered":"http:\/\/test.bergsiek.de\/?page_id=492"},"modified":"2024-06-04T11:18:26","modified_gmt":"2024-06-04T09:18:26","slug":"service","status":"publish","type":"page","link":"https:\/\/bergsiek.de\/en\/service\/","title":{"rendered":"Service"},"content":{"rendered":"<div class=\"wpb-content-wrapper\">[mk_page_section bg_image=&#8221;https:\/\/bergsiek.de\/wp-content\/uploads\/2018\/09\/bergsiek-service.jpg&#8221; bg_position=&#8221;center center&#8221; bg_repeat=&#8221;no-repeat&#8221; bg_stretch=&#8221;true&#8221; min_height=&#8221;600&#8243; full_width=&#8221;true&#8221; js_vertical_centered=&#8221;true&#8221; el_class=&#8221;kopfbild&#8221; sidebar=&#8221;sidebar-1&#8243;][vc_column][vc_column_text css=&#8221;.vc_custom_1530686018568{margin-bottom: 0px !important;}&#8221;]\n<h1>Service<\/h1>\n[\/vc_column_text][\/vc_column][\/mk_page_section][vc_row][vc_column][vc_empty_space height=&#8221;&#8221; el_id=&#8221;space&#8221;][\/vc_column][\/vc_row][vc_row][vc_column width=&#8221;3\/4&#8243;][vc_column_text css=&#8221;.vc_custom_1543223291218{margin-bottom: 0px !important;}&#8221;]We believe in relying on values. In them, we include providing innovative and durable solutions as well as assuming responsibility towards our customers and staff when it comes to our services.<\/p>\n<p>Bergsiek container construction offers comprehensive services from one source. These include individual project planning, short production times, project monitoring and continuous quality assurance during the construction of your vehicle body. The focus here is on both solution-oriented action and maximum flexibility. With a strong and responsible team, we are not only behind every project but alongside our customers.[\/vc_column_text][\/vc_column][vc_column width=&#8221;1\/4&#8243;][\/vc_column][\/vc_row][vc_row][vc_column][vc_empty_space height=&#8221;&#8221;][\/vc_column][\/vc_row]\n<\/div>","protected":false},"excerpt":{"rendered":"<p>[mk_page_section bg_image=&#8221;https:\/\/bergsiek.de\/wp-content\/uploads\/2018\/09\/bergsiek-service.jpg&#8221; bg_position=&#8221;center center&#8221; bg_repeat=&#8221;no-repeat&#8221; bg_stretch=&#8221;true&#8221; min_height=&#8221;600&#8243; full_width=&#8221;true&#8221; js_vertical_centered=&#8221;true&#8221; el_class=&#8221;kopfbild&#8221; sidebar=&#8221;sidebar-1&#8243;][vc_column][vc_column_text css=&#8221;.vc_custom_1530686018568{margin-bottom: 0px !important;}&#8221;] Service [\/vc_column_text][\/vc_column][\/mk_page_section][vc_row][vc_column][vc_empty_space height=&#8221;&#8221; el_id=&#8221;space&#8221;][\/vc_column][\/vc_row][vc_row][vc_column width=&#8221;3\/4&#8243;][vc_column_text css=&#8221;.vc_custom_1543223291218{margin-bottom: 0px !important;}&#8221;]We believe in relying on values. In them, we include providing innovative and durable solutions as well as assuming responsibility towards our customers and staff when it comes to our services. Bergsiek container construction [&hellip;]<\/p>\n","protected":false},"author":1,"featured_media":0,"parent":0,"menu_order":0,"comment_status":"closed","ping_status":"closed","template":"","meta":{"footnotes":""},"class_list":["post-492","page","type-page","status-publish","hentry"],"yoast_head":"<!-- This site is optimized with the Yoast SEO plugin v27.4 - https:\/\/yoast.com\/product\/yoast-seo-wordpress\/ -->\n<title>Service at Bergsiek GmbH<\/title>\n<meta name=\"description\" content=\"Benefit from our comprehensive services at Bergsiek GmbH. Find top project planning and implementation in vehicle construction here.\" \/>\n<meta name=\"robots\" content=\"index, follow, max-snippet:-1, max-image-preview:large, max-video-preview:-1\" \/>\n<link rel=\"canonical\" href=\"https:\/\/bergsiek.de\/en\/service\/\" \/>\n<meta property=\"og:locale\" content=\"en_US\" \/>\n<meta property=\"og:type\" content=\"article\" \/>\n<meta property=\"og:title\" content=\"Service at Bergsiek GmbH\" \/>\n<meta property=\"og:description\" content=\"Benefit from our comprehensive services at Bergsiek GmbH. Find top project planning and implementation in vehicle construction here.\" \/>\n<meta property=\"og:url\" content=\"https:\/\/bergsiek.de\/en\/service\/\" \/>\n<meta property=\"og:site_name\" content=\"Bergsiek\" \/>\n<meta property=\"article:modified_time\" content=\"2024-06-04T09:18:26+00:00\" \/>\n<meta name=\"twitter:card\" content=\"summary_large_image\" \/>\n<meta name=\"twitter:label1\" content=\"Est. reading time\" \/>\n\t<meta name=\"twitter:data1\" content=\"1 minute\" \/>\n<script type=\"application\/ld+json\" class=\"yoast-schema-graph\">{\"@context\":\"https:\\\/\\\/schema.org\",\"@graph\":[{\"@type\":\"WebPage\",\"@id\":\"https:\\\/\\\/bergsiek.de\\\/en\\\/service\\\/\",\"url\":\"https:\\\/\\\/bergsiek.de\\\/en\\\/service\\\/\",\"name\":\"Service at Bergsiek GmbH\",\"isPartOf\":{\"@id\":\"https:\\\/\\\/bergsiek.de\\\/#website\"},\"datePublished\":\"2018-11-26T12:44:34+00:00\",\"dateModified\":\"2024-06-04T09:18:26+00:00\",\"description\":\"Benefit from our comprehensive services at Bergsiek GmbH. Find top project planning and implementation in vehicle construction here.\",\"breadcrumb\":{\"@id\":\"https:\\\/\\\/bergsiek.de\\\/en\\\/service\\\/#breadcrumb\"},\"inLanguage\":\"en-US\",\"potentialAction\":[{\"@type\":\"ReadAction\",\"target\":[\"https:\\\/\\\/bergsiek.de\\\/en\\\/service\\\/\"]}]},{\"@type\":\"BreadcrumbList\",\"@id\":\"https:\\\/\\\/bergsiek.de\\\/en\\\/service\\\/#breadcrumb\",\"itemListElement\":[{\"@type\":\"ListItem\",\"position\":1,\"name\":\"Startseite\",\"item\":\"https:\\\/\\\/bergsiek.de\\\/en\\\/\"},{\"@type\":\"ListItem\",\"position\":2,\"name\":\"Service\"}]},{\"@type\":\"WebSite\",\"@id\":\"https:\\\/\\\/bergsiek.de\\\/#website\",\"url\":\"https:\\\/\\\/bergsiek.de\\\/\",\"name\":\"Bergsiek\",\"description\":\"Ma\u00dfgeschneiderte Beh\u00e4lter f\u00fcr den kommunalen Fahrzeugbau\",\"potentialAction\":[{\"@type\":\"SearchAction\",\"target\":{\"@type\":\"EntryPoint\",\"urlTemplate\":\"https:\\\/\\\/bergsiek.de\\\/?s={search_term_string}\"},\"query-input\":{\"@type\":\"PropertyValueSpecification\",\"valueRequired\":true,\"valueName\":\"search_term_string\"}}],\"inLanguage\":\"en-US\"}]}<\/script>\n<!-- \/ Yoast SEO plugin. -->","yoast_head_json":{"title":"Service at Bergsiek GmbH","description":"Benefit from our comprehensive services at Bergsiek GmbH. Find top project planning and implementation in vehicle construction here.","robots":{"index":"index","follow":"follow","max-snippet":"max-snippet:-1","max-image-preview":"max-image-preview:large","max-video-preview":"max-video-preview:-1"},"canonical":"https:\/\/bergsiek.de\/en\/service\/","og_locale":"en_US","og_type":"article","og_title":"Service at Bergsiek GmbH","og_description":"Benefit from our comprehensive services at Bergsiek GmbH. Find top project planning and implementation in vehicle construction here.","og_url":"https:\/\/bergsiek.de\/en\/service\/","og_site_name":"Bergsiek","article_modified_time":"2024-06-04T09:18:26+00:00","twitter_card":"summary_large_image","twitter_misc":{"Est. reading time":"1 minute"},"schema":{"@context":"https:\/\/schema.org","@graph":[{"@type":"WebPage","@id":"https:\/\/bergsiek.de\/en\/service\/","url":"https:\/\/bergsiek.de\/en\/service\/","name":"Service at Bergsiek GmbH","isPartOf":{"@id":"https:\/\/bergsiek.de\/#website"},"datePublished":"2018-11-26T12:44:34+00:00","dateModified":"2024-06-04T09:18:26+00:00","description":"Benefit from our comprehensive services at Bergsiek GmbH. Find top project planning and implementation in vehicle construction here.","breadcrumb":{"@id":"https:\/\/bergsiek.de\/en\/service\/#breadcrumb"},"inLanguage":"en-US","potentialAction":[{"@type":"ReadAction","target":["https:\/\/bergsiek.de\/en\/service\/"]}]},{"@type":"BreadcrumbList","@id":"https:\/\/bergsiek.de\/en\/service\/#breadcrumb","itemListElement":[{"@type":"ListItem","position":1,"name":"Startseite","item":"https:\/\/bergsiek.de\/en\/"},{"@type":"ListItem","position":2,"name":"Service"}]},{"@type":"WebSite","@id":"https:\/\/bergsiek.de\/#website","url":"https:\/\/bergsiek.de\/","name":"Bergsiek","description":"Ma\u00dfgeschneiderte Beh\u00e4lter f\u00fcr den kommunalen Fahrzeugbau","potentialAction":[{"@type":"SearchAction","target":{"@type":"EntryPoint","urlTemplate":"https:\/\/bergsiek.de\/?s={search_term_string}"},"query-input":{"@type":"PropertyValueSpecification","valueRequired":true,"valueName":"search_term_string"}}],"inLanguage":"en-US"}]}},"_links":{"self":[{"href":"https:\/\/bergsiek.de\/en\/wp-json\/wp\/v2\/pages\/492","targetHints":{"allow":["GET"]}}],"collection":[{"href":"https:\/\/bergsiek.de\/en\/wp-json\/wp\/v2\/pages"}],"about":[{"href":"https:\/\/bergsiek.de\/en\/wp-json\/wp\/v2\/types\/page"}],"author":[{"embeddable":true,"href":"https:\/\/bergsiek.de\/en\/wp-json\/wp\/v2\/users\/1"}],"replies":[{"embeddable":true,"href":"https:\/\/bergsiek.de\/en\/wp-json\/wp\/v2\/comments?post=492"}],"version-history":[{"count":7,"href":"https:\/\/bergsiek.de\/en\/wp-json\/wp\/v2\/pages\/492\/revisions"}],"predecessor-version":[{"id":1169,"href":"https:\/\/bergsiek.de\/en\/wp-json\/wp\/v2\/pages\/492\/revisions\/1169"}],"wp:attachment":[{"href":"https:\/\/bergsiek.de\/en\/wp-json\/wp\/v2\/media?parent=492"}],"curies":[{"name":"wp","href":"https:\/\/api.w.org\/{rel}","templated":true}]}}