{"id":1261,"date":"2024-08-28T08:00:39","date_gmt":"2024-08-28T06:00:39","guid":{"rendered":"https:\/\/bergsiek.de\/?page_id=1261"},"modified":"2024-12-05T14:36:05","modified_gmt":"2024-12-05T13:36:05","slug":"startseite-bergsiek-2","status":"publish","type":"page","link":"https:\/\/bergsiek.de\/en\/","title":{"rendered":"Startseite &#8211; Bergsiek"},"content":{"rendered":"<div class=\"wpb-content-wrapper\">[mk_page_section bg_image=&#8221;http:\/\/test.bergsiek.de\/wp-content\/uploads\/2018\/11\/bergsiek_behaelter_kommunaler-fahrzeugbau-1.jpg&#8221; bg_position=&#8221;center center&#8221; bg_repeat=&#8221;no-repeat&#8221; bg_stretch=&#8221;true&#8221; min_height=&#8221;600&#8243; full_width=&#8221;true&#8221; js_vertical_centered=&#8221;true&#8221; el_class=&#8221;kopfbild&#8221; sidebar=&#8221;sidebar-1&#8243;][vc_column][vc_column_text css=&#8221;.vc_custom_1730802031554{margin-bottom: 0px !important;}&#8221;]\n<h1>Customized tank construction for municipal vehicle manufacturing<\/h1>\n[\/vc_column_text][\/vc_column][\/mk_page_section][vc_row][vc_column][vc_empty_space height=&#8221;&#8221; el_id=&#8221;space&#8221;][\/vc_column][\/vc_row][vc_row][vc_column][vc_column_text css=&#8221;.vc_custom_1730802046069{margin-bottom: 0px !important;}&#8221;]We are one of the leading companies in the development and manufacture of vehicle superstructures and large containers in the form of high-quality steel structures. Excellent quality and the satisfaction of our customers are most important to us. Bergsiek Beh\u00e4lterbau has 100 employees working at two locations who are proud and passionate about their work. You can rely on decades of experience and a wealth of expertise as well as comprehensive service! [\/vc_column_text][vc_empty_space height=&#8221;25px&#8221;][mk_button dimension=&#8221;two&#8221; size=&#8221;large&#8221; url=&#8221;https:\/\/bergsiek.de\/en\/contact\/&#8221; el_class=&#8221;button&#8221;]Request your individual tank construction![\/mk_button][vc_empty_space height=&#8221;25px&#8221;][\/vc_column][\/vc_row][vc_row][vc_column][vc_empty_space height=&#8221;50px&#8221;][vc_column_text css=&#8221;.vc_custom_1730802102268{margin-bottom: 0px !important;}&#8221;]\n<h2>Our tank construction products: vehicle manufacturing from a single source<\/h2>\n<p>Bergsiek stands for quality in tank construction. We are your reliable partner for high-quality container superstructures for commercial and municipal vehicles, such as road sweeping containers, suction-pressure containers, compacting containers and special structures.[\/vc_column_text][\/vc_column][\/vc_row][vc_row fullwidth=&#8221;true&#8221; attached=&#8221;true&#8221; disable_element=&#8221;yes&#8221; el_class=&#8221;teaser-produkte&#8221;][vc_column width=&#8221;1\/4&#8243;][vc_raw_html]JTNDYSUyMGhyZWYlM0QlMjIlMkZrZWhyZ3V0YmVoYWVsdGVyJTJGJTIyJTNF[\/vc_raw_html][mk_custom_box margin_bottom=&#8221;0&#8243; min_height=&#8221;401&#8243; el_class=&#8221;text-white&#8221; bg_image=&#8221;https:\/\/bergsiek.de\/wp-content\/uploads\/2018\/04\/kehrgutbehaelter_teaser.jpg&#8221; background_hov_color_style=&#8221;image&#8221; overlay_color=&#8221;#000000&#8243; bg_hov_color=&#8221;#232323&#8243; bg_image_hov_effect=&#8221;zoom-in&#8221; bg_stretch=&#8221;true&#8221;][vc_column_text align=&#8221;center&#8221; css=&#8221;.vc_custom_1724167051322{margin-bottom: 0px !important;}&#8221;]\n<h3>Kehrgutbeh\u00e4lter<\/h3>\n[\/vc_column_text][vc_column_text css=&#8221;.vc_custom_1724167228809{margin-bottom: 0px !important;}&#8221;]Das Anfertigen von Kehrgutbeh\u00e4ltern z\u00e4hlt zu unseren Spezialgebieten. So k\u00f6nnen wir Ihnen eine optimale, individuelle L\u00f6sung, hervorragende Qualit\u00e4t und eine lange Lebensdauer bieten. Ob Stra\u00dfe, Schiene oder Flugplatz \u2013 setzen Sie auf ma\u00dfgeschneiderte Kehrgutbeh\u00e4lter-L\u00f6sungen von Bergsiek![\/vc_column_text][\/mk_custom_box][vc_raw_html]JTNDJTJGYSUzRQ==[\/vc_raw_html][\/vc_column][vc_column width=&#8221;1\/4&#8243;][vc_raw_html]JTNDYSUyMGhyZWYlM0QlMjIlMkZzYXVnLWRydWNrLWJlaGFlbHRlciUyRiUyMiUzRQ==[\/vc_raw_html][mk_custom_box margin_bottom=&#8221;0&#8243; min_height=&#8221;401&#8243; bg_image=&#8221;https:\/\/bergsiek.de\/wp-content\/uploads\/2018\/12\/saug-druck-behaelter_teaser.jpg&#8221; background_hov_color_style=&#8221;image&#8221; overlay_color=&#8221;#000000&#8243; bg_hov_color=&#8221;#232323&#8243; bg_image_hov_effect=&#8221;zoom-in&#8221; bg_stretch=&#8221;true&#8221;][vc_column_text align=&#8221;center&#8221; css=&#8221;.vc_custom_1519135646804{margin-bottom: 0px !important;}&#8221;]\n<h3>Saug-Druck-Beh\u00e4lter<\/h3>\n[\/vc_column_text][\/mk_custom_box][vc_raw_html]JTNDJTJGYSUzRQ==[\/vc_raw_html][\/vc_column][vc_column width=&#8221;1\/4&#8243;][vc_raw_html]JTNDYSUyMGhyZWYlM0QlMjIlMkZtdWVsbHByZXNzYmVoYWVsdGVyJTJGJTIyJTNF[\/vc_raw_html][mk_custom_box margin_bottom=&#8221;0&#8243; min_height=&#8221;401&#8243; bg_image=&#8221;https:\/\/bergsiek.de\/wp-content\/uploads\/2020\/12\/muellpress.jpg&#8221; background_hov_color_style=&#8221;image&#8221; overlay_color=&#8221;#000000&#8243; bg_hov_color=&#8221;#020202&#8243; bg_image_hov_effect=&#8221;zoom-in&#8221; bg_stretch=&#8221;true&#8221;][vc_column_text align=&#8221;center&#8221; css=&#8221;.vc_custom_1519135876220{margin-bottom: 0px !important;}&#8221;]\n<h3>M\u00fcllpressbeh\u00e4lter<\/h3>\n[\/vc_column_text][\/mk_custom_box][vc_raw_html]JTNDJTJGYSUzRQ==[\/vc_raw_html][\/vc_column][vc_column width=&#8221;1\/4&#8243;][vc_raw_html]JTNDYSUyMGhyZWYlM0QlMjIlMkZzb25kZXJhdWZiYXV0ZW4lMkYlMjIlM0U=[\/vc_raw_html][mk_custom_box margin_bottom=&#8221;0&#8243; min_height=&#8221;401&#8243; bg_color=&#8221;#000000&#8243; bg_image=&#8221;https:\/\/bergsiek.de\/wp-content\/uploads\/2018\/04\/sonderaufbauten_teaser.jpg&#8221; background_hov_color_style=&#8221;image&#8221; overlay_color=&#8221;#000000&#8243; bg_image_hov_effect=&#8221;zoom-in&#8221; bg_stretch=&#8221;true&#8221;][vc_column_text align=&#8221;center&#8221; css=&#8221;.vc_custom_1519136038961{margin-bottom: 0px !important;}&#8221;]\n<h3>Sonderaufbauten<\/h3>\n[\/vc_column_text][\/mk_custom_box][vc_raw_html]JTNDJTJGYSUzRQ==[\/vc_raw_html][\/vc_column][\/vc_row][vc_row fullwidth=&#8221;true&#8221; attached=&#8221;true&#8221; el_class=&#8221;elementor-debug-flipbox&#8221;][vc_column width=&#8221;1\/4&#8243;][mk_flipbox flip_direction=&#8221;vertical&#8221; front_background_color=&#8221;#203c83&#8243; back_background_color=&#8221;#565656&#8243; min_height=&#8221;400&#8243; image=&#8221;https:\/\/bergsiek.de\/wp-content\/uploads\/2018\/04\/kehrgutbehaelter_teaser.jpg&#8221; front_title=&#8221;Sweeping containers&#8221; front_title_size=&#8221;28&#8243; front_title_color=&#8221;#ffffff&#8221; back_title=&#8221;Sweeping containers&#8221; back_title_size=&#8221;28&#8243; back_title_color=&#8221;#ffffff&#8221; back_desc=&#8221;The manufacturing of sweeping containers is one of our specialties. This enables us to offer you a customized solution, outstanding quality and a long service life. Be it road, rail or airfield \u2013 rely on customized waste container solutions from Bergsiek!&#8221; back_desc_size=&#8221;18&#8243; back_desc_color=&#8221;#ffffff&#8221; button_url=&#8221;\/en\/sweeping-containers\/&#8221; button_text=&#8221;Discover sweeping containers now!&#8221; button_bg_color=&#8221;#203c83&#8243;][\/vc_column][vc_column width=&#8221;1\/4&#8243;][mk_flipbox flip_direction=&#8221;vertical&#8221; front_background_color=&#8221;#203c83&#8243; back_background_color=&#8221;#565656&#8243; min_height=&#8221;400&#8243; image=&#8221;https:\/\/bergsiek.de\/wp-content\/uploads\/2018\/12\/saug-druck-behaelter_teaser.jpg&#8221; front_title=&#8221;Suction-pressure containers&#8221; front_title_size=&#8221;28&#8243; front_title_color=&#8221;#ffffff&#8221; back_title=&#8221;Suction-pressure containers&#8221; back_title_size=&#8221;28&#8243; back_title_color=&#8221;#ffffff&#8221; back_desc=&#8221;Producing high-performance suction and pressure vessels requires special skills and conditions, as they are subjected to heavy loads during subsequent operation. Bergsiek Beh\u00e4lterbau offers you the necessary expertise and high-quality materials to meet these special requirements.&#8221; back_desc_size=&#8221;18&#8243; back_desc_color=&#8221;#ffffff&#8221; button_url=&#8221;\/en\/suction-pressure-containers\/&#8221; button_text=&#8221;Further information on suction-pressure containers&#8221; button_bg_color=&#8221;#203c83&#8243;][\/vc_column][vc_column width=&#8221;1\/4&#8243;][mk_flipbox flip_direction=&#8221;vertical&#8221; front_background_color=&#8221;#203c83&#8243; back_background_color=&#8221;#565656&#8243; min_height=&#8221;400&#8243; image=&#8221;https:\/\/bergsiek.de\/wp-content\/uploads\/2020\/12\/muellpress.jpg&#8221; front_title=&#8221;Compacting containers&#8221; front_title_size=&#8221;28&#8243; front_title_color=&#8221;#ffffff&#8221; back_title=&#8221;Compacting containers&#8221; back_title_size=&#8221;28&#8243; back_title_color=&#8221;#ffffff&#8221; back_desc=&#8221;We have a great deal of experience and knowledge in the field of refuse vehicle bodies and waste containers. This enables us to offer you durable, resilient and practical compacting containers that meet your individual requirements.&#8221; back_desc_size=&#8221;18&#8243; back_desc_color=&#8221;#ffffff&#8221; button_url=&#8221;\/en\/compacting-containers\/&#8221; button_text=&#8221;Discover waste compactor containers from Bergsiek!&#8221; button_bg_color=&#8221;#203c83&#8243;][\/vc_column][vc_column width=&#8221;1\/4&#8243;][mk_flipbox flip_direction=&#8221;vertical&#8221; front_background_color=&#8221;#203c83&#8243; back_background_color=&#8221;#565656&#8243; min_height=&#8221;400&#8243; image=&#8221;https:\/\/bergsiek.de\/wp-content\/uploads\/2018\/04\/sonderaufbauten_teaser.jpg&#8221; front_title=&#8221;Special structures&#8221; front_title_size=&#8221;28&#8243; front_title_color=&#8221;#ffffff&#8221; back_title=&#8221;Special structures&#8221; back_title_size=&#8221;28&#8243; back_title_color=&#8221;#ffffff&#8221; back_desc=&#8221;Sometimes our customers&#8217; requirements are so specific that a customized special container is the ideal solution. Whether for prototype construction, custom-made containers or special designs for commercial vehicles &#8211; we are your reliable partner for special structures.&#8221; back_desc_size=&#8221;18&#8243; back_desc_color=&#8221;#ffffff&#8221; button_url=&#8221;\/en\/special-vehicle-bodies\/&#8221; button_text=&#8221;Find out more about special structures now!&#8221; button_bg_color=&#8221;#203c83&#8243;][\/vc_column][\/vc_row][mk_page_section padding_top=&#8221;90&#8243; padding_bottom=&#8221;95&#8243; el_class=&#8221;teaser-leistungen&#8221; sidebar=&#8221;sidebar-1&#8243;][vc_column][vc_column_text align=&#8221;center&#8221; css=&#8221;.vc_custom_1668590489490{margin-bottom: 0px !important;}&#8221;][\/vc_column_text][vc_column_text css=&#8221;.vc_custom_1730802325673{margin-bottom: 0px !important;}&#8221;]\n<h2>Reliable full service from Bergsiek Beh\u00e4lterbau<\/h2>\n<p>The satisfaction of our customers is particularly important to us. That&#8217;s why the manufacturing process always begins with a detailed technical consultation. Once we have found the optimum solution for you, we start with the detailed planning of the vehicle bodies. Even after delivery, we will of course remain at your side as your contact partner. You can look forward to shorter production times and fast delivery, combined with efficient project management and detailed quality assurance &#8211; all from a single source. [\/vc_column_text][vc_row_inner][vc_column_inner width=&#8221;1\/3&#8243; css=&#8221;.vc_custom_1533714821118{margin-top: 20px !important;}&#8221;][mk_flipbox flip_direction=&#8221;vertical&#8221; front_background_color=&#8221;#203c83&#8243; back_background_color=&#8221;#565656&#8243; icon_type=&#8221;icon&#8221; icon=&#8221;mk-moon-bubbles-4&#8243; icon_size=&#8221;64&#8243; icon_color=&#8221;#ffffff&#8221; front_title=&#8221;Design &amp; technical consultation&#8221; front_title_size=&#8221;28&#8243; front_title_color=&#8221;#ffffff&#8221; back_title=&#8221;Design &amp; technical consultation&#8221; back_title_size=&#8221;28&#8243; back_title_color=&#8221;#ffffff&#8221; back_desc=&#8221;Through comprehensive technical advice, we work with you to find out which product is right for you and develop the optimum solution for you right through to the design stage.&#8221; back_desc_size=&#8221;18&#8243; back_desc_color=&#8221;#ffffff&#8221; button_url=&#8221;\/en\/construction-technical-consultation\/&#8221; button_text=&#8221;Learn more&#8221; button_bg_color=&#8221;#c4c4c4&#8243;][\/vc_column_inner][vc_column_inner width=&#8221;1\/3&#8243; css=&#8221;.vc_custom_1533714826238{margin-top: 20px !important;}&#8221;][mk_flipbox flip_direction=&#8221;vertical&#8221; front_background_color=&#8221;#203c83&#8243; back_background_color=&#8221;#565656&#8243; icon_type=&#8221;icon&#8221; icon=&#8221;mk-moon-bubbles-4&#8243; icon_size=&#8221;64&#8243; icon_color=&#8221;#ffffff&#8221; front_title=&#8221;Service area&#8221; front_title_size=&#8221;28&#8243; front_title_color=&#8221;#ffffff&#8221; back_title=&#8221;Service area&#8221; back_title_size=&#8221;28&#8243; back_title_color=&#8221;#ffffff&#8221; back_desc=&#8221;We are there for you, because for us, reliability also means being a competent contact partner and solution finder.&#8221; back_desc_size=&#8221;18&#8243; back_desc_color=&#8221;#ffffff&#8221; button_url=&#8221;\/en\/service\/&#8221; button_text=&#8221;Learn more&#8221; button_bg_color=&#8221;#c4c4c4&#8243;][\/vc_column_inner][vc_column_inner width=&#8221;1\/3&#8243; css=&#8221;.vc_custom_1536055706551{margin-top: 20px !important;}&#8221;][mk_flipbox flip_direction=&#8221;vertical&#8221; front_background_color=&#8221;#203c83&#8243; back_background_color=&#8221;#565656&#8243; icon_type=&#8221;icon&#8221; icon=&#8221;mk-moon-bubbles-4&#8243; icon_size=&#8221;64&#8243; icon_color=&#8221;#ffffff&#8221; front_title=&#8221;Coating of vehicle bodies&#8221; front_title_size=&#8221;28&#8243; front_title_color=&#8221;#ffffff&#8221; back_title=&#8221;Coating of vehicle bodies&#8221; back_title_size=&#8221;28&#8243; back_title_color=&#8221;#ffffff&#8221; back_desc=&#8221;We sandblast and coat our products individually according to customer requirements.&#8221; back_desc_size=&#8221;18&#8243; back_desc_color=&#8221;#ffffff&#8221; button_url=&#8221;\/en\/coatings\/&#8221; button_text=&#8221;Learn more&#8221; button_bg_color=&#8221;#c4c4c4&#8243;][\/vc_column_inner][\/vc_row_inner][\/vc_column][\/mk_page_section][vc_row fullwidth=&#8221;true&#8221; fullwidth_content=&#8221;false&#8221; css=&#8221;.vc_custom_1528293226494{margin-bottom: 40px !important;padding-top: 90px !important;padding-bottom: 95px !important;background-color: #f0f0f0 !important;}&#8221;][vc_column][vc_column_text align=&#8221;center&#8221; css=&#8221;.vc_custom_1730802469213{margin-bottom: 0px !important;}&#8221;]\n<h2 style=\"text-align: left;\">The perfect product in four steps: The Bergsiek workflow<\/h2>\n[\/vc_column_text][vc_column_text css=&#8221;.vc_custom_1730802484833{margin-bottom: 0px !important;}&#8221;]Thanks to over 40 years of experience in container construction, we have been able to optimize our workflow down to the last detail. This enables us to offer you short production times and high product quality.[\/vc_column_text][mk_steps hover_color=&#8221;#304d99&#8243; icon_1=&#8221;mk-icon-comments-o&#8221; title_1=&#8221;Consultation &amp; planning&#8221; desc_1=&#8221;For your project to be successful, you need professional advice and detailed planning of the vehicle structures.&#8221; icon_2=&#8221;mk-icon-cogs&#8221; title_2=&#8221;Production&#8221; desc_2=&#8221;Quality is crucial in production. Our manufacturing processes and quality assurance are continuously optimized.&#8221; icon_3=&#8221;mk-icon-truck&#8221; title_3=&#8221;Delivery&#8221; desc_3=&#8221;We deliver your finished product directly to where you need it &#8211; reliably and quickly.&#8221; icon_4=&#8221;mk-icon-thumbs-up&#8221; title_4=&#8221;Service&#8221; desc_4=&#8221;Your satisfaction is our claim. We also offer a comprehensive service after completion of the product.&#8221;][mk_button dimension=&#8221;two&#8221; size=&#8221;x-large&#8221; url=&#8221;\/en\/company\/&#8221; target=&#8221;_blank&#8221; align=&#8221;center&#8221; fullwidth=&#8221;true&#8221; el_class=&#8221;button&#8221; bg_color=&#8221;#203c83&#8243;]Learn more about Bergsiek Beh\u00e4lterbau[\/mk_button][\/vc_column][\/vc_row][vc_row][vc_column][vc_empty_space height=&#8221;50px&#8221;][vc_column_text css=&#8221;.vc_custom_1730802592729{margin-bottom: 0px !important;}&#8221;]\n<h2>A strong team for your quality vehicle bodywork<\/h2>\n[\/vc_column_text][vc_column_text css=&#8221;.vc_custom_1730802604697{margin-bottom: 0px !important;}&#8221;]A well-coordinated, experienced team is essential for container construction. We know the strengths of our colleagues and can rely on each other 100 percent. This means that you can rely on our combined synergies. Friendly cooperation, respectful interaction and harmonious collaboration form the cornerstone of our everyday work.[\/vc_column_text][mk_button dimension=&#8221;two&#8221; size=&#8221;large&#8221; url=&#8221;\/en\/team\/&#8221; el_class=&#8221;button&#8221; bg_color=&#8221;#203c83&#8243;]Get to know the Bergsiek team![\/mk_button][\/vc_column][\/vc_row][vc_row][vc_column width=&#8221;2\/3&#8243;][vc_empty_space height=&#8221;50px&#8221;][vc_column_text css=&#8221;.vc_custom_1730802651396{margin-bottom: 0px !important;}&#8221;]\n<h2>For a better future: How we are socially committed<\/h2>\n[\/vc_column_text][vc_column_text css=&#8221;.vc_custom_1730802664663{margin-bottom: 0px !important;}&#8221;]We know that, as an industrial company, we have a significant responsibility towards our social and ecological environment. That is why we passionately support various social projects &#8211; both regionally and internationally. These include the children&#8217;s aid organization Ich e.V., the sea rescuers, NABU e.V. and the German aid organization for the blind. [\/vc_column_text][mk_button dimension=&#8221;two&#8221; size=&#8221;large&#8221; url=&#8221;https:\/\/bergsiek.de\/en\/company\/social-commitment\/&#8221; el_class=&#8221;button&#8221; bg_color=&#8221;#203c83&#8243;]More about the social projects[\/mk_button][\/vc_column][vc_column width=&#8221;1\/12&#8243; offset=&#8221;vc_hidden-sm vc_hidden-xs&#8221;][\/vc_column][vc_column width=&#8221;3\/12&#8243; offset=&#8221;vc_hidden-sm vc_hidden-xs&#8221;][vc_single_image image=&#8221;1293&#8243; img_size=&#8221;full&#8221; alignment=&#8221;center&#8221; css=&#8221;&#8221;][\/vc_column][\/vc_row][vc_row][vc_column width=&#8221;1\/4&#8243; offset=&#8221;vc_hidden-lg vc_hidden-md vc_col-xs-3&#8243;][\/vc_column][vc_column width=&#8221;1\/2&#8243; offset=&#8221;vc_hidden-lg vc_hidden-md vc_col-xs-6&#8243;][vc_single_image image=&#8221;1293&#8243; img_size=&#8221;full&#8221; alignment=&#8221;center&#8221; css=&#8221;&#8221;][\/vc_column][vc_column width=&#8221;1\/4&#8243; offset=&#8221;vc_hidden-lg vc_hidden-md vc_col-xs-3&#8243;][\/vc_column][\/vc_row]\n<\/div>","protected":false},"excerpt":{"rendered":"<p>[mk_page_section bg_image=&#8221;http:\/\/test.bergsiek.de\/wp-content\/uploads\/2018\/11\/bergsiek_behaelter_kommunaler-fahrzeugbau-1.jpg&#8221; bg_position=&#8221;center center&#8221; bg_repeat=&#8221;no-repeat&#8221; bg_stretch=&#8221;true&#8221; min_height=&#8221;600&#8243; full_width=&#8221;true&#8221; js_vertical_centered=&#8221;true&#8221; el_class=&#8221;kopfbild&#8221; sidebar=&#8221;sidebar-1&#8243;][vc_column][vc_column_text css=&#8221;.vc_custom_1730802031554{margin-bottom: 0px !important;}&#8221;] Customized tank construction for municipal vehicle manufacturing [\/vc_column_text][\/vc_column][\/mk_page_section][vc_row][vc_column][vc_empty_space height=&#8221;&#8221; el_id=&#8221;space&#8221;][\/vc_column][\/vc_row][vc_row][vc_column][vc_column_text css=&#8221;.vc_custom_1730802046069{margin-bottom: 0px !important;}&#8221;]We are one of the leading companies in the development and manufacture of vehicle superstructures and large containers in the form of high-quality steel structures. Excellent quality and the [&hellip;]<\/p>\n","protected":false},"author":1,"featured_media":0,"parent":0,"menu_order":0,"comment_status":"closed","ping_status":"closed","template":"","meta":{"footnotes":""},"class_list":["post-1261","page","type-page","status-publish","hentry"],"yoast_head":"<!-- This site is optimized with the Yoast SEO plugin v27.4 - https:\/\/yoast.com\/product\/yoast-seo-wordpress\/ -->\n<title>Customized tank construction | Bergsiek Beh\u00e4lterbau<\/title>\n<meta name=\"description\" content=\"Customized containers for vehicle construction, plant construction, municipal vehicles &amp; more. Enquire now at Bergsiek GmbH and receive a offer!\" \/>\n<meta name=\"robots\" content=\"index, follow, max-snippet:-1, max-image-preview:large, max-video-preview:-1\" \/>\n<link rel=\"canonical\" href=\"https:\/\/bergsiek.de\/en\/\" \/>\n<meta property=\"og:locale\" content=\"en_US\" \/>\n<meta property=\"og:type\" content=\"article\" \/>\n<meta property=\"og:title\" content=\"Customized tank construction | Bergsiek Beh\u00e4lterbau\" \/>\n<meta property=\"og:description\" content=\"Customized containers for vehicle construction, plant construction, municipal vehicles &amp; more. Enquire now at Bergsiek GmbH and receive a offer!\" \/>\n<meta property=\"og:url\" content=\"https:\/\/bergsiek.de\/en\/\" \/>\n<meta property=\"og:site_name\" content=\"Bergsiek\" \/>\n<meta property=\"article:modified_time\" content=\"2024-12-05T13:36:05+00:00\" \/>\n<meta name=\"twitter:card\" content=\"summary_large_image\" \/>\n<meta name=\"twitter:label1\" content=\"Est. reading time\" \/>\n\t<meta name=\"twitter:data1\" content=\"7 minutes\" \/>\n<script type=\"application\/ld+json\" class=\"yoast-schema-graph\">{\"@context\":\"https:\\\/\\\/schema.org\",\"@graph\":[{\"@type\":\"WebPage\",\"@id\":\"https:\\\/\\\/bergsiek.de\\\/en\\\/\",\"url\":\"https:\\\/\\\/bergsiek.de\\\/en\\\/\",\"name\":\"Customized tank construction | Bergsiek Beh\u00e4lterbau\",\"isPartOf\":{\"@id\":\"https:\\\/\\\/bergsiek.de\\\/#website\"},\"datePublished\":\"2024-08-28T06:00:39+00:00\",\"dateModified\":\"2024-12-05T13:36:05+00:00\",\"description\":\"Customized containers for vehicle construction, plant construction, municipal vehicles & more. Enquire now at Bergsiek GmbH and receive a offer!\",\"breadcrumb\":{\"@id\":\"https:\\\/\\\/bergsiek.de\\\/en\\\/#breadcrumb\"},\"inLanguage\":\"en-US\",\"potentialAction\":[{\"@type\":\"ReadAction\",\"target\":[\"https:\\\/\\\/bergsiek.de\\\/en\\\/\"]}]},{\"@type\":\"BreadcrumbList\",\"@id\":\"https:\\\/\\\/bergsiek.de\\\/en\\\/#breadcrumb\",\"itemListElement\":[{\"@type\":\"ListItem\",\"position\":1,\"name\":\"Startseite\",\"item\":\"https:\\\/\\\/bergsiek.de\\\/en\\\/\"},{\"@type\":\"ListItem\",\"position\":2,\"name\":\"Startseite &#8211; Bergsiek\"}]},{\"@type\":\"WebSite\",\"@id\":\"https:\\\/\\\/bergsiek.de\\\/#website\",\"url\":\"https:\\\/\\\/bergsiek.de\\\/\",\"name\":\"Bergsiek\",\"description\":\"Ma\u00dfgeschneiderte Beh\u00e4lter f\u00fcr den kommunalen Fahrzeugbau\",\"potentialAction\":[{\"@type\":\"SearchAction\",\"target\":{\"@type\":\"EntryPoint\",\"urlTemplate\":\"https:\\\/\\\/bergsiek.de\\\/?s={search_term_string}\"},\"query-input\":{\"@type\":\"PropertyValueSpecification\",\"valueRequired\":true,\"valueName\":\"search_term_string\"}}],\"inLanguage\":\"en-US\"}]}<\/script>\n<!-- \/ Yoast SEO plugin. -->","yoast_head_json":{"title":"Customized tank construction | Bergsiek Beh\u00e4lterbau","description":"Customized containers for vehicle construction, plant construction, municipal vehicles & more. Enquire now at Bergsiek GmbH and receive a offer!","robots":{"index":"index","follow":"follow","max-snippet":"max-snippet:-1","max-image-preview":"max-image-preview:large","max-video-preview":"max-video-preview:-1"},"canonical":"https:\/\/bergsiek.de\/en\/","og_locale":"en_US","og_type":"article","og_title":"Customized tank construction | Bergsiek Beh\u00e4lterbau","og_description":"Customized containers for vehicle construction, plant construction, municipal vehicles & more. Enquire now at Bergsiek GmbH and receive a offer!","og_url":"https:\/\/bergsiek.de\/en\/","og_site_name":"Bergsiek","article_modified_time":"2024-12-05T13:36:05+00:00","twitter_card":"summary_large_image","twitter_misc":{"Est. reading time":"7 minutes"},"schema":{"@context":"https:\/\/schema.org","@graph":[{"@type":"WebPage","@id":"https:\/\/bergsiek.de\/en\/","url":"https:\/\/bergsiek.de\/en\/","name":"Customized tank construction | Bergsiek Beh\u00e4lterbau","isPartOf":{"@id":"https:\/\/bergsiek.de\/#website"},"datePublished":"2024-08-28T06:00:39+00:00","dateModified":"2024-12-05T13:36:05+00:00","description":"Customized containers for vehicle construction, plant construction, municipal vehicles & more. Enquire now at Bergsiek GmbH and receive a offer!","breadcrumb":{"@id":"https:\/\/bergsiek.de\/en\/#breadcrumb"},"inLanguage":"en-US","potentialAction":[{"@type":"ReadAction","target":["https:\/\/bergsiek.de\/en\/"]}]},{"@type":"BreadcrumbList","@id":"https:\/\/bergsiek.de\/en\/#breadcrumb","itemListElement":[{"@type":"ListItem","position":1,"name":"Startseite","item":"https:\/\/bergsiek.de\/en\/"},{"@type":"ListItem","position":2,"name":"Startseite &#8211; Bergsiek"}]},{"@type":"WebSite","@id":"https:\/\/bergsiek.de\/#website","url":"https:\/\/bergsiek.de\/","name":"Bergsiek","description":"Ma\u00dfgeschneiderte Beh\u00e4lter f\u00fcr den kommunalen Fahrzeugbau","potentialAction":[{"@type":"SearchAction","target":{"@type":"EntryPoint","urlTemplate":"https:\/\/bergsiek.de\/?s={search_term_string}"},"query-input":{"@type":"PropertyValueSpecification","valueRequired":true,"valueName":"search_term_string"}}],"inLanguage":"en-US"}]}},"_links":{"self":[{"href":"https:\/\/bergsiek.de\/en\/wp-json\/wp\/v2\/pages\/1261","targetHints":{"allow":["GET"]}}],"collection":[{"href":"https:\/\/bergsiek.de\/en\/wp-json\/wp\/v2\/pages"}],"about":[{"href":"https:\/\/bergsiek.de\/en\/wp-json\/wp\/v2\/types\/page"}],"author":[{"embeddable":true,"href":"https:\/\/bergsiek.de\/en\/wp-json\/wp\/v2\/users\/1"}],"replies":[{"embeddable":true,"href":"https:\/\/bergsiek.de\/en\/wp-json\/wp\/v2\/comments?post=1261"}],"version-history":[{"count":4,"href":"https:\/\/bergsiek.de\/en\/wp-json\/wp\/v2\/pages\/1261\/revisions"}],"predecessor-version":[{"id":1337,"href":"https:\/\/bergsiek.de\/en\/wp-json\/wp\/v2\/pages\/1261\/revisions\/1337"}],"wp:attachment":[{"href":"https:\/\/bergsiek.de\/en\/wp-json\/wp\/v2\/media?parent=1261"}],"curies":[{"name":"wp","href":"https:\/\/api.w.org\/{rel}","templated":true}]}}