{"id":1088,"date":"2024-02-12T11:25:54","date_gmt":"2024-02-12T10:25:54","guid":{"rendered":"https:\/\/bergsiek.de\/?page_id=1088"},"modified":"2024-06-04T11:18:53","modified_gmt":"2024-06-04T09:18:53","slug":"faq","status":"publish","type":"page","link":"https:\/\/bergsiek.de\/en\/faq\/","title":{"rendered":"Questions and answers"},"content":{"rendered":"<div class=\"wpb-content-wrapper\">[mk_page_section bg_image=&#8221;https:\/\/bergsiek.de\/wp-content\/uploads\/2018\/08\/bergsiek-konstruktion.jpg&#8221; bg_position=&#8221;center bottom&#8221; bg_repeat=&#8221;no-repeat&#8221; bg_stretch=&#8221;true&#8221; min_height=&#8221;600&#8243; full_width=&#8221;true&#8221; js_vertical_centered=&#8221;true&#8221; el_class=&#8221;kopfbild&#8221; sidebar=&#8221;sidebar-1&#8243;][vc_column][vc_column_text css=&#8221;.vc_custom_1707732921885{margin-bottom: 0px !important;}&#8221;]\n<h1><b>Your questions &#8211; our answers on tank construction<\/b><\/h1>\n[\/vc_column_text][\/vc_column][\/mk_page_section][vc_row][vc_column][vc_empty_space height=&#8221;&#8221; el_id=&#8221;space&#8221;][vc_column_text css=&#8221;.vc_custom_1707732941358{margin-bottom: 0px !important;}&#8221;]Here you will find frequently asked questions about our tank construction services.[\/vc_column_text][\/vc_column][\/vc_row][vc_row][vc_column][vc_tta_accordion section_title_tag=&#8221;h2&#8243; active_section=&#8221;1&#8243; el_class=&#8221;panel&#8221;][vc_tta_section title=&#8221;What containers can we manufacture?&#8221; tab_id=&#8221;1678789842146-98b1309a-f7c89d3a-bb05&#8243; el_class=&#8221;panel-heading&#8221;][vc_column_text css=&#8221;.vc_custom_1707732979880{margin-bottom: 0px !important;}&#8221;]We manufacture sweepings containers, suction and pressure containers, waste press containers, special vehicle bodies and containers for stationary systems according to your specifications.[\/vc_column_text][\/vc_tta_section][vc_tta_section title=&#8221;Are customized solutions for vehicle superstructures possible?&#8221; tab_id=&#8221;1678789842162-9498c09c-ab949d3a-bb05&#8243;][vc_column_text css=&#8221;.vc_custom_1707733005575{margin-bottom: 0px !important;}&#8221;]Each container is manufactured according to your requirements, but customized superstructures and tailor-made containers are also possible.<\/p>\n<p>We can develop your individual project for any type of vehicle as a horizontal or interchangeable system up to a total length of 11,300 mm.[\/vc_column_text][\/vc_tta_section][vc_tta_section title=&#8221;How long is the manufacturing time for a container?&#8221; tab_id=&#8221;1678790017819-fd62a145-f9db9d3a-bb05&#8243;][vc_column_text css=&#8221;.vc_custom_1707733022001{margin-bottom: 0px !important;}&#8221;]As each project is individual, the manufacturing time may vary depending on the scope and equipment. However, our extensive experience in container construction enables a significantly shorter processing time. As a result, your container can be ready in approx. 12-20 weeks.[\/vc_column_text][\/vc_tta_section][vc_tta_section title=&#8221;What types of materials are used when manufacturing the containers?&#8221; tab_id=&#8221;1678790049186-9c5bfd42-a8019d3a-bb05&#8243;][vc_column_text css=&#8221;.vc_custom_1707733047004{margin-bottom: 0px !important;}&#8221;]We use high-quality, durable materials to ensure that our vehicle superstructures are as long-lasting and resilient as possible. For example, our pressure tanks are made from either steel (S235JR, S355GH, P265GH) or stainless steel (1.4301, 1.4571) with a thickness ranging from 3 to 8 mm. In addition, wear-resistant steels (S700, XAR 500, Hardox 450) in thicknesses from 2.5 to 12 mm may also be used. We will gladly meet your technical requirements.[\/vc_column_text][\/vc_tta_section][vc_tta_section title=&#8221;Are the containers coated?&#8221; tab_id=&#8221;1678790090568-bfba9d61-363b9d3a-bb05&#8243;][vc_column_text css=&#8221;.vc_custom_1707733094799{margin-bottom: 0px !important;}&#8221;]Here we cater entirely to your individual requirements. We can sandblast your container in-house and then coat it as required, from a 2K to epoxy resin coating.[\/vc_column_text][\/vc_tta_section][vc_tta_section title=&#8221;What qualifications do we provide for container construction?&#8221; tab_id=&#8221;1678790124264-39b0509e-7b489d3a-bb05&#8243;][vc_column_text css=&#8221;.vc_custom_1707733118772{margin-bottom: 0px !important;}&#8221;]We are a T\u00dcV-certified specialist welding company in accordance with AD 2000 Merkblatt HP-0 \/ TRD 201 and DIN ISO 3834-2 with over 40 years of experience and T\u00dcV-certified welders in accordance with DIN EN ISO 15614-1, enabling us to manufacture even the most demanding projects and pressure vessels.[\/vc_column_text][\/vc_tta_section][vc_tta_section title=&#8221;Who is your contact for container construction?&#8221; tab_id=&#8221;1678790404135-9862f034-01989d3a-bb05&#8243;][vc_column_text css=&#8221;.vc_custom_1707733164312{margin-bottom: 0px !important;}&#8221;]You are welcome to contact Mr. Dieterich (<a href=\"mailto:dieterich@bergsiek.de\">dieterich@bergsiek.de<\/a>) with any enquiries. Alternatively, you can contact our team via e-mail (<a href=\"mailto:info@bergsiek.de\">info@bergsiek.de<\/a>) or telephone (05751 \/ 96 29-0).[\/vc_column_text][\/vc_tta_section][\/vc_tta_accordion][vc_empty_space][\/vc_column][\/vc_row][vc_row][vc_column][vc_column_text css=&#8221;.vc_custom_1708331462230{margin-bottom: 0px !important;}&#8221;]Do you still have questions? We will be happy to help you.[\/vc_column_text][mk_button dimension=&#8221;two&#8221; size=&#8221;large&#8221; url=&#8221;\/en\/contact&#8221;]Contact[\/mk_button][\/vc_column][\/vc_row]\n<\/div>","protected":false},"excerpt":{"rendered":"<p>[mk_page_section bg_image=&#8221;https:\/\/bergsiek.de\/wp-content\/uploads\/2018\/08\/bergsiek-konstruktion.jpg&#8221; bg_position=&#8221;center bottom&#8221; bg_repeat=&#8221;no-repeat&#8221; bg_stretch=&#8221;true&#8221; min_height=&#8221;600&#8243; full_width=&#8221;true&#8221; js_vertical_centered=&#8221;true&#8221; el_class=&#8221;kopfbild&#8221; sidebar=&#8221;sidebar-1&#8243;][vc_column][vc_column_text css=&#8221;.vc_custom_1707732921885{margin-bottom: 0px !important;}&#8221;] Your questions &#8211; our answers on tank construction [\/vc_column_text][\/vc_column][\/mk_page_section][vc_row][vc_column][vc_empty_space height=&#8221;&#8221; el_id=&#8221;space&#8221;][vc_column_text css=&#8221;.vc_custom_1707732941358{margin-bottom: 0px !important;}&#8221;]Here you will find frequently asked questions about our tank construction services.[\/vc_column_text][\/vc_column][\/vc_row][vc_row][vc_column][vc_tta_accordion section_title_tag=&#8221;h2&#8243; active_section=&#8221;1&#8243; el_class=&#8221;panel&#8221;][vc_tta_section title=&#8221;What containers can we manufacture?&#8221; tab_id=&#8221;1678789842146-98b1309a-f7c89d3a-bb05&#8243; el_class=&#8221;panel-heading&#8221;][vc_column_text css=&#8221;.vc_custom_1707732979880{margin-bottom: 0px !important;}&#8221;]We manufacture sweepings containers, [&hellip;]<\/p>\n","protected":false},"author":1,"featured_media":0,"parent":0,"menu_order":0,"comment_status":"closed","ping_status":"closed","template":"","meta":{"footnotes":""},"class_list":["post-1088","page","type-page","status-publish","hentry"],"yoast_head":"<!-- This site is optimized with the Yoast SEO plugin v27.4 - https:\/\/yoast.com\/product\/yoast-seo-wordpress\/ -->\n<title>FAQ about tank construction | Bergsiek GmbH<\/title>\n<meta name=\"description\" content=\"Find answers to the most frequently asked questions about our company, our products and our services surrounding tank construction!\" \/>\n<meta name=\"robots\" content=\"index, follow, max-snippet:-1, max-image-preview:large, max-video-preview:-1\" \/>\n<link rel=\"canonical\" href=\"https:\/\/bergsiek.de\/en\/faq\/\" \/>\n<meta property=\"og:locale\" content=\"en_US\" \/>\n<meta property=\"og:type\" content=\"article\" \/>\n<meta property=\"og:title\" content=\"FAQ about tank construction | Bergsiek GmbH\" \/>\n<meta property=\"og:description\" content=\"Find answers to the most frequently asked questions about our company, our products and our services surrounding tank construction!\" \/>\n<meta property=\"og:url\" content=\"https:\/\/bergsiek.de\/en\/faq\/\" \/>\n<meta property=\"og:site_name\" content=\"Bergsiek\" \/>\n<meta property=\"article:modified_time\" content=\"2024-06-04T09:18:53+00:00\" \/>\n<meta name=\"twitter:card\" content=\"summary_large_image\" \/>\n<meta name=\"twitter:label1\" content=\"Est. reading time\" \/>\n\t<meta name=\"twitter:data1\" content=\"3 minutes\" \/>\n<script type=\"application\/ld+json\" class=\"yoast-schema-graph\">{\"@context\":\"https:\\\/\\\/schema.org\",\"@graph\":[{\"@type\":\"WebPage\",\"@id\":\"https:\\\/\\\/bergsiek.de\\\/en\\\/faq\\\/\",\"url\":\"https:\\\/\\\/bergsiek.de\\\/en\\\/faq\\\/\",\"name\":\"FAQ about tank construction | Bergsiek GmbH\",\"isPartOf\":{\"@id\":\"https:\\\/\\\/bergsiek.de\\\/#website\"},\"datePublished\":\"2024-02-12T10:25:54+00:00\",\"dateModified\":\"2024-06-04T09:18:53+00:00\",\"description\":\"Find answers to the most frequently asked questions about our company, our products and our services surrounding tank construction!\",\"breadcrumb\":{\"@id\":\"https:\\\/\\\/bergsiek.de\\\/en\\\/faq\\\/#breadcrumb\"},\"inLanguage\":\"en-US\",\"potentialAction\":[{\"@type\":\"ReadAction\",\"target\":[\"https:\\\/\\\/bergsiek.de\\\/en\\\/faq\\\/\"]}]},{\"@type\":\"BreadcrumbList\",\"@id\":\"https:\\\/\\\/bergsiek.de\\\/en\\\/faq\\\/#breadcrumb\",\"itemListElement\":[{\"@type\":\"ListItem\",\"position\":1,\"name\":\"Startseite\",\"item\":\"https:\\\/\\\/bergsiek.de\\\/en\\\/\"},{\"@type\":\"ListItem\",\"position\":2,\"name\":\"Questions and answers\"}]},{\"@type\":\"WebSite\",\"@id\":\"https:\\\/\\\/bergsiek.de\\\/#website\",\"url\":\"https:\\\/\\\/bergsiek.de\\\/\",\"name\":\"Bergsiek\",\"description\":\"Ma\u00dfgeschneiderte Beh\u00e4lter f\u00fcr den kommunalen Fahrzeugbau\",\"potentialAction\":[{\"@type\":\"SearchAction\",\"target\":{\"@type\":\"EntryPoint\",\"urlTemplate\":\"https:\\\/\\\/bergsiek.de\\\/?s={search_term_string}\"},\"query-input\":{\"@type\":\"PropertyValueSpecification\",\"valueRequired\":true,\"valueName\":\"search_term_string\"}}],\"inLanguage\":\"en-US\"}]}<\/script>\n<!-- \/ Yoast SEO plugin. -->","yoast_head_json":{"title":"FAQ about tank construction | Bergsiek GmbH","description":"Find answers to the most frequently asked questions about our company, our products and our services surrounding tank construction!","robots":{"index":"index","follow":"follow","max-snippet":"max-snippet:-1","max-image-preview":"max-image-preview:large","max-video-preview":"max-video-preview:-1"},"canonical":"https:\/\/bergsiek.de\/en\/faq\/","og_locale":"en_US","og_type":"article","og_title":"FAQ about tank construction | Bergsiek GmbH","og_description":"Find answers to the most frequently asked questions about our company, our products and our services surrounding tank construction!","og_url":"https:\/\/bergsiek.de\/en\/faq\/","og_site_name":"Bergsiek","article_modified_time":"2024-06-04T09:18:53+00:00","twitter_card":"summary_large_image","twitter_misc":{"Est. reading time":"3 minutes"},"schema":{"@context":"https:\/\/schema.org","@graph":[{"@type":"WebPage","@id":"https:\/\/bergsiek.de\/en\/faq\/","url":"https:\/\/bergsiek.de\/en\/faq\/","name":"FAQ about tank construction | Bergsiek GmbH","isPartOf":{"@id":"https:\/\/bergsiek.de\/#website"},"datePublished":"2024-02-12T10:25:54+00:00","dateModified":"2024-06-04T09:18:53+00:00","description":"Find answers to the most frequently asked questions about our company, our products and our services surrounding tank construction!","breadcrumb":{"@id":"https:\/\/bergsiek.de\/en\/faq\/#breadcrumb"},"inLanguage":"en-US","potentialAction":[{"@type":"ReadAction","target":["https:\/\/bergsiek.de\/en\/faq\/"]}]},{"@type":"BreadcrumbList","@id":"https:\/\/bergsiek.de\/en\/faq\/#breadcrumb","itemListElement":[{"@type":"ListItem","position":1,"name":"Startseite","item":"https:\/\/bergsiek.de\/en\/"},{"@type":"ListItem","position":2,"name":"Questions and answers"}]},{"@type":"WebSite","@id":"https:\/\/bergsiek.de\/#website","url":"https:\/\/bergsiek.de\/","name":"Bergsiek","description":"Ma\u00dfgeschneiderte Beh\u00e4lter f\u00fcr den kommunalen Fahrzeugbau","potentialAction":[{"@type":"SearchAction","target":{"@type":"EntryPoint","urlTemplate":"https:\/\/bergsiek.de\/?s={search_term_string}"},"query-input":{"@type":"PropertyValueSpecification","valueRequired":true,"valueName":"search_term_string"}}],"inLanguage":"en-US"}]}},"_links":{"self":[{"href":"https:\/\/bergsiek.de\/en\/wp-json\/wp\/v2\/pages\/1088","targetHints":{"allow":["GET"]}}],"collection":[{"href":"https:\/\/bergsiek.de\/en\/wp-json\/wp\/v2\/pages"}],"about":[{"href":"https:\/\/bergsiek.de\/en\/wp-json\/wp\/v2\/types\/page"}],"author":[{"embeddable":true,"href":"https:\/\/bergsiek.de\/en\/wp-json\/wp\/v2\/users\/1"}],"replies":[{"embeddable":true,"href":"https:\/\/bergsiek.de\/en\/wp-json\/wp\/v2\/comments?post=1088"}],"version-history":[{"count":3,"href":"https:\/\/bergsiek.de\/en\/wp-json\/wp\/v2\/pages\/1088\/revisions"}],"predecessor-version":[{"id":1182,"href":"https:\/\/bergsiek.de\/en\/wp-json\/wp\/v2\/pages\/1088\/revisions\/1182"}],"wp:attachment":[{"href":"https:\/\/bergsiek.de\/en\/wp-json\/wp\/v2\/media?parent=1088"}],"curies":[{"name":"wp","href":"https:\/\/api.w.org\/{rel}","templated":true}]}}